{"id":4020,"date":"2025-12-23T14:25:17","date_gmt":"2025-12-23T14:25:17","guid":{"rendered":"https:\/\/oi.omerdental.com\/?page_id=4020"},"modified":"2025-12-23T14:31:16","modified_gmt":"2025-12-23T14:31:16","slug":"kvkk-bilgilendirme-metni","status":"publish","type":"page","link":"https:\/\/oi.omerdental.com\/tr\/kvkk-bilgilendirme-metni\/","title":{"rendered":"KVKK Bilgilendirme Metni"},"content":{"rendered":"<section class=\"l-section wpb_row us_custom_cd866175 has_text_color height_large\"><div class=\"l-section-overlay\" style=\"background:rgba(19,27,92,0.70)\"><\/div><div class=\"l-section-h i-cf\"><div class=\"g-cols vc_row via_grid cols_1 laptops-cols_inherit tablets-cols_inherit mobiles-cols_1 valign_top type_default stacking_default\"><div class=\"wpb_column vc_column_container\"><div class=\"vc_column-inner\">[vc_custom_heading text=&#8221;KVKK Bilgilendirme Metni&#8221; font_container=&#8221;tag:h1|text_align:left&#8221; use_theme_fonts=&#8221;yes&#8221; el_class=&#8221;regular-h1 make-left&#8221;]<nav class=\"g-breadcrumbs us_custom_5f1f2269 has_text_color separator_icon align_none\" itemscope itemtype=\"http:\/\/schema.org\/BreadcrumbList\"><div class=\"g-breadcrumbs-item\" itemscope itemprop=\"itemListElement\" itemtype=\"http:\/\/schema.org\/ListItem\"><a itemprop=\"item\" href=\"https:\/\/oi.omerdental.com\/tr\/\"><span itemprop=\"name\">Giri\u015f<\/span><\/a><meta itemprop=\"position\" content=\"1\"\/><\/div><div class=\"g-breadcrumbs-separator\"><i class=\"far fa-angle-right\"><\/i><\/div><div class=\"g-breadcrumbs-item\">Sayfalar<\/div><\/nav><\/div><\/div><\/div><\/div><\/section><section class=\"l-section wpb_row height_medium\"><div class=\"l-section-h i-cf\"><div class=\"g-cols vc_row via_grid cols_1 laptops-cols_inherit tablets-cols_inherit mobiles-cols_1 valign_top type_default stacking_default\"><div class=\"wpb_column vc_column_container\"><div class=\"vc_column-inner\"><div class=\"wpb_text_column\"><div class=\"wpb_wrapper\"><p><strong>YE\u015e\u0130LBA\u011e SA\u011eLIK H\u0130ZMETLER\u0130 L\u0130M\u0130TED \u015e\u0130RKET\u0130\u00a0<\/strong>(\u201c<strong>YE\u015e\u0130LBA\u011e<\/strong>\u201d) olarak an\u0131lacakt\u0131r.) taraf\u0131ndan, 6698 say\u0131l\u0131 Ki\u015fisel Verilerin Korunmas\u0131 Kanunu (\u201cKanun\u201d) ve ilgili mevzuat kapsam\u0131nda Veri Sorumlusu s\u0131fat\u0131yla, ki\u015fisel verileriniz, a\u015fa\u011f\u0131da a\u00e7\u0131klanan \u00e7er\u00e7evede ve 3359 say\u0131l\u0131 Sa\u011fl\u0131k Hizmetleri Temel Kanunu, 663 say\u0131l\u0131 Sa\u011fl\u0131k Bakanl\u0131\u011f\u0131 ve Ba\u011fl\u0131 Kurulu\u015flar\u0131n\u0131n Te\u015fkilat ve G\u00f6revleri Hakk\u0131nda Kanun H\u00fckm\u00fcnde Kararname, \u00d6zel Hastaneler Y\u00f6netmeli\u011fi ve Sa\u011fl\u0131k Bakanl\u0131\u011f\u0131 d\u00fczenlemeleri ve sair mevzuata uygun olarak i\u015flenebilecektir.<\/p>\n<p><strong>1. Ki\u015fisel Verilerin elde Edilmesi, \u0130\u015flenmesi ve \u0130\u015fleme Ama\u00e7lar\u0131<\/strong><\/p>\n<p>Ki\u015fisel verileriniz YE\u015e\u0130LBA\u011e taraf\u0131ndan sa\u011flanmakta olan kamu sa\u011fl\u0131\u011f\u0131n\u0131n korunmas\u0131, koruyucu hekimlik, t\u0131bb\u00ee te\u015fhis, tedavi ve bak\u0131m hizmetlerinin y\u00fcr\u00fct\u00fclmesi, sa\u011fl\u0131k hizmetleri ile finansman\u0131n\u0131n planlanmas\u0131 ve y\u00f6netimi ama\u00e7lar\u0131yla ve YES\u0130LBA\u011e \u015firketinin faaliyet konular\u0131na uygun d\u00fc\u015fecek \u015fekilde; s\u00f6zl\u00fc, yaz\u0131l\u0131, g\u00f6rsel ya da elektronik ortamda, \u00e7a\u011fr\u0131 merkezi, internet sitesi, s\u00f6zl\u00fc, yaz\u0131l\u0131 ve benzeri kanallar arac\u0131l\u0131\u011f\u0131yla elde edilmektedir. Sa\u011fl\u0131k verileriniz ba\u015fta olmak \u00fczere \u00f6zel nitelikli ki\u015fisel verileriniz ve genel nitelikli ki\u015fisel verileriniz, polikliniklerimiz taraf\u0131ndan a\u015fa\u011f\u0131da yer alanlar d\u00e2hil ve bunlarla s\u0131n\u0131rl\u0131 olmaks\u0131z\u0131n bu maddede belirtilen ama\u00e7lar ile ba\u011flant\u0131l\u0131, s\u0131n\u0131rl\u0131 ve \u00f6l\u00e7\u00fcl\u00fc \u015fekilde i\u015flenebilmektedir:<\/p>\n<ul type=\"disc\">\n<li>Kimlik bilgileriniz: Ad\u0131n\u0131z, soyad\u0131n\u0131z, T.C. Kimlik numaran\u0131z, pasaport numaran\u0131z veya ge\u00e7ici TC Kimlik numaran\u0131z, do\u011fum yeri ve tarihiniz, medeni haliniz, cinsiyetiniz, sigorta veya hasta protokol numaran\u0131z ve sizi tan\u0131mlayabilece\u011fimiz di\u011fer kimlik verileriniz.<\/li>\n<li>\u0130leti\u015fim Bilgileriniz: Adresiniz, telefon numaran\u0131z, elektronik posta adresiniz ve sair ileti\u015fim verileriniz, m\u00fc\u015fteri temsilcileri ya da hasta hizmetleri taraf\u0131ndan \u00e7a\u011fr\u0131 merkezi standartlar\u0131 gere\u011fi tutulan sesli g\u00f6r\u00fc\u015fme kay\u0131tlar\u0131n\u0131z ile elektronik posta, mektup veya sair vas\u0131talar arac\u0131l\u0131\u011f\u0131 ile taraf\u0131m\u0131zla ileti\u015fime ge\u00e7ti\u011finizde elde edilen ki\u015fisel verileriniz.<\/li>\n<li>Muhasebesel Bilgileriniz: Banka hesap numaran\u0131z, IBAN numaran\u0131z, kredi kart\u0131 bilginiz, faturalama bilgileriniz gibi finansal verileriniz.<\/li>\n<li>Sa\u011fl\u0131k hizmetlerinin finansman\u0131 ve planlamas\u0131 amac\u0131yla \u00f6zel sa\u011fl\u0131k sigortas\u0131na ili\u015fkin verileriniz ve Sosyal G\u00fcvenlik Kurumu verileriniz.<\/li>\n<li>Polikliniklerimizi ziyaret etmeniz halinde g\u00fcvenlik ve denetim ama\u00e7l\u0131 tutulmakta olan kamera kay\u0131tlar\u0131 g\u00f6r\u00fcnt\u00fcleriniz.<\/li>\n<li>Otopark\u0131 kullanman\u0131z halinde ara\u00e7 plaka veriniz.<\/li>\n<li>Sa\u011fl\u0131k Bilgileriniz: Laboratuvar sonu\u00e7lar\u0131n\u0131z, test sonu\u00e7lar\u0131n\u0131z, muayene verileriniz, randevu bilgileriniz, check-up bilgileriniz, re\u00e7ete bilgileriniz dahil ancak bunlarla s\u0131n\u0131rl\u0131 olmaks\u0131z\u0131n t\u0131bb\u00ee te\u015fhis, tedavi ve bak\u0131m hizmetlerinin y\u00fcr\u00fct\u00fclmesi s\u0131ras\u0131nda veya bunlar\u0131n bir sonucu olarak elde edilen her t\u00fcrl\u00fc sa\u011fl\u0131k ve cinsel hayata ili\u015fkin ki\u015fisel verileriniz.<\/li>\n<li><a href=\"\/tr\">www.omeristanbul.com\/tr<\/a>\u00a0sitesine g\u00f6nderdi\u011finiz veya girdi\u011finiz sa\u011fl\u0131k verileriniz ve sair ki\u015fisel verileriniz.<\/li>\n<li>Polikliniklerimiz herhangi birine i\u015f ba\u015fvurusunda bulunman\u0131z halinde bu hususta temin edilen \u00f6zge\u00e7mi\u015f d\u00e2hil sair ki\u015fisel verileriniz ile \u015firketimiz \u00e7al\u0131\u015fan\u0131 ya da ili\u015fkili \u00e7al\u0131\u015fan olman\u0131z halinde hizmet akdiniz ve i\u015fe yatk\u0131nl\u0131\u011f\u0131n\u0131z ile ilgili her t\u00fcrl\u00fc ki\u015fisel verileriniz.<\/li>\n<\/ul>\n<p>YE\u015e\u0130LBA\u011e taraf\u0131ndan elde edilen her t\u00fcrl\u00fc ki\u015fisel veriniz (\u00d6zel nitelikli ki\u015fisel veriler de dahil fakat bunlarla s\u0131n\u0131rl\u0131 olmamak kayd\u0131yla) a\u015fa\u011f\u0131daki ama\u00e7lar ile i\u015flenebilecektir:<\/p>\n<ul type=\"disc\">\n<li>Kimli\u011finizi teyit etme,<\/li>\n<li>Kamu sa\u011fl\u0131\u011f\u0131n\u0131n korunmas\u0131, koruyucu hekimlik, t\u0131bb\u00ee te\u015fhis, tedavi ve bak\u0131m hizmetlerinin y\u00fcr\u00fct\u00fclmesi, sa\u011fl\u0131k hizmetleri ile finansman\u0131n\u0131n planlanmas\u0131 ve y\u00f6netimi.<\/li>\n<li>\u0130lgili mevzuat uyar\u0131nca Sa\u011fl\u0131k Bakanl\u0131\u011f\u0131 ve di\u011fer kamu kurum ve kurulu\u015flar\u0131 ile talep edilen bilgilerin payla\u015f\u0131lmas\u0131.<\/li>\n<li>Poliklini\u011fimiz i\u00e7 i\u015fleyi\u015fi ile g\u00fcnl\u00fck operasyonlar\u0131n planlanmas\u0131 ve y\u00f6netilmesi.<\/li>\n<li>Poliklinik Y\u00f6netimi, Hasta Haklar\u0131, Hasta Deneyimi b\u00f6l\u00fcmleri taraf\u0131ndan hasta memnuniyetinin \u00f6l\u00e7\u00fclmesi, artt\u0131r\u0131lmas\u0131 ve ara\u015ft\u0131r\u0131lmas\u0131.<\/li>\n<li>\u0130la\u00e7 temini.<\/li>\n<li>Randevu alman\u0131z halinde randevu hakk\u0131nda sizi haberdar edebilme.<\/li>\n<li>Risk y\u00f6netimi ve kalite geli\u015ftirme aktivitelerinin yerine getirilmesi.<\/li>\n<li>Sa\u011fl\u0131k hizmetlerini geli\u015ftirme amac\u0131yla analiz yapma.<\/li>\n<li>Hasta Hizmetleri, Mali \u0130\u015fler, Pazarlama b\u00f6l\u00fcmleri taraf\u0131ndan sa\u011fl\u0131k hizmetlerinizin finansman\u0131, tetkik, te\u015fhis ve tedavi giderlerinizin kar\u015f\u0131lanmas\u0131, m\u00fcstehakl\u0131k sorgusu kapsam\u0131nda \u00f6zel sigorta \u015firketler ile talep edilen bilgilerin payla\u015f\u0131lmas\u0131.<\/li>\n<li>Ara\u015ft\u0131rma yap\u0131lmas\u0131.<\/li>\n<li>Yasal ve d\u00fczenleyici gereksinimlerin yerine getirilmesi.<\/li>\n<li>Sa\u011fl\u0131k hizmetlerinin finansman\u0131 kapsam\u0131nda \u00f6zel sigorta \u015firketler ile talep edilen bilgileri payla\u015fma.<\/li>\n<li>Kalite, Hasta Deneyimi, Bilgi Sistemleri b\u00f6l\u00fcmleri taraf\u0131ndan risk y\u00f6netimi ve kalite geli\u015ftirme aktivitelerinin yerine getirilmesi.<\/li>\n<li>Hasta Hizmetleri, Mali \u0130\u015fler, Pazarlama b\u00f6l\u00fcmleri taraf\u0131ndan hizmetlerimiz kar\u015f\u0131l\u0131\u011f\u0131nda faturaland\u0131rma yap\u0131lmas\u0131 ve anla\u015fmal\u0131 olan kurumlarla ili\u015fkinizin teyit edilmesi.<\/li>\n<li>Pazarlama, Medya ve \u0130leti\u015fim, \u00c7a\u011fr\u0131 Merkezi b\u00f6l\u00fcmleri taraf\u0131ndan kampanyalara kat\u0131l\u0131m ve kampanya bilgisi verilmesi, Web ve mobil kanallarda \u00f6zel i\u00e7eriklerin, somut ve soyut faydalar\u0131n tasarlanmas\u0131 ve iletilebilmesi.<\/li>\n<\/ul>\n<p>\u0130lgili mevzuat uyar\u0131nca elde edilen ve i\u015flenen Ki\u015fisel Verileriniz, YE\u015e\u0130LBA\u011e \u015firketine ait fiziki ar\u015fivler ve\/veya bili\u015fim sistemlerine nakledilerek, hem dijital ortamda hem de fiziki ortamda muhafaza alt\u0131nda tutulabilecektir.<\/p>\n<p><strong>2. Ki\u015fisel Verilerin Aktar\u0131lmas\u0131<\/strong><\/p>\n<p>Ki\u015fisel verileriniz, Kanun ve sair mevzuat kapsam\u0131nda ve yukar\u0131da yer verilen ama\u00e7larla YE\u015e\u0130LBA\u011e \u015firketine dahil olan \u015firketler ile, \u00d6zel sigorta \u015firketleri, Sa\u011fl\u0131k bakanl\u0131\u011f\u0131 ve ba\u011fl\u0131 alt birimleri, Sosyal G\u00fcvenlik Kurumu, Emniyet Genel M\u00fcd\u00fcrl\u00fc\u011f\u00fc ve sair kolluk kuvvetleri, N\u00fcfus Genel M\u00fcd\u00fcrl\u00fc\u011f\u00fc, T\u00fcrkiye Eczac\u0131lar Birli\u011fi, Mahkemeler ve her t\u00fcrl\u00fc yarg\u0131 makam\u0131, merkezi ve sair \u00fc\u00e7\u00fcnc\u00fc ki\u015filer, yetki vermi\u015f oldu\u011funuz temsilcileriniz, avukatlar, vergi ve finans dan\u0131\u015fmanlar\u0131 ve denet\u00e7iler de d\u00e2hil olmak \u00fczere dan\u0131\u015fmanl\u0131k ald\u0131\u011f\u0131m\u0131z \u00fc\u00e7\u00fcnc\u00fc ki\u015filer, d\u00fczenleyici ve denetleyici kurumlar, resmi merciler d\u00e2hil sa\u011fl\u0131k hizmetlerini yukar\u0131da belirtilen ama\u00e7larla geli\u015ftirmek veya y\u00fcr\u00fctmek \u00fczere i\u015fbirli\u011fi yapt\u0131\u011f\u0131m\u0131z i\u015f ortaklar\u0131m\u0131z ve di\u011fer \u00fc\u00e7\u00fcnc\u00fc ki\u015filer ile payla\u015f\u0131labilecektir.<\/p>\n<p><strong>3. Ki\u015fisel Veri Elde Etmenin Y\u00f6ntemi ve Hukuki Sebebi<\/strong><\/p>\n<p>Ki\u015fisel verileriniz, her t\u00fcrl\u00fc s\u00f6zl\u00fc, yaz\u0131l\u0131, g\u00f6rsel ya da elektronik ortamda, yukar\u0131da yer verilen ama\u00e7lar ve YE\u015e\u0130LBA\u011e \u015firketinin faaliyet konusuna dahil her t\u00fcrl\u00fc i\u015fin yasal \u00e7er\u00e7evede y\u00fcr\u00fct\u00fclebilmesi ve bu kapsamda YE\u015e\u0130LBA\u011e \u015firketinin akdi ve kanuni y\u00fck\u00fcml\u00fcl\u00fcklerini tam ve gere\u011fi gibi ifa edebilmesi i\u00e7in toplanmakta ve i\u015flenmektedir. \u0130\u015fbu ki\u015filer verilerinizin toplanmas\u0131n\u0131n hukuki sebebi;<\/p>\n<ul type=\"disc\">\n<li>6698 say\u0131l\u0131 Ki\u015fisel Verilerin Korunmas\u0131 Kanunu,<\/li>\n<li>3359 say\u0131l\u0131 Sa\u011fl\u0131k Hizmetleri Temel Kanunu,<\/li>\n<li>663 say\u0131l\u0131 Sa\u011fl\u0131k Bakanl\u0131\u011f\u0131 ve Ba\u011fl\u0131 Kurulu\u015flar\u0131n\u0131n Te\u015fkilat ve G\u00f6revleri Hakk\u0131nda Kanun H\u00fckm\u00fcnde Kararname,<\/li>\n<li>\u00d6zel Hastaneler Y\u00f6netmeli\u011fi,<\/li>\n<li>Ki\u015fisel Sa\u011fl\u0131k Verilerinin \u0130\u015flenmesi ve Mahremiyetinin Korunmas\u0131 Y\u00f6netmeli\u011fi,<\/li>\n<li>Sa\u011fl\u0131k Bakanl\u0131\u011f\u0131 d\u00fczenlemeleri ve sair mevzuat h\u00fck\u00fcmleridir.<\/li>\n<\/ul>\n<p>Ayr\u0131ca, Kanun\u2019un 6. maddesi 3. f\u0131kras\u0131nda da belirtildi\u011fi \u00fczere sa\u011fl\u0131k ve cinsel hayata ili\u015fkin ki\u015fisel veriler ise ancak kamu sa\u011fl\u0131\u011f\u0131n\u0131n korunmas\u0131, koruyucu hekimlik, t\u0131bb\u0131 te\u015fhis, tedavi ve bak\u0131m hizmetlerinin y\u00fcr\u00fct\u00fclmesi, sa\u011fl\u0131k hizmetleri ile finansman\u0131n\u0131n planlanmas\u0131 ve y\u00f6netimi amac\u0131yla, s\u0131r saklama y\u00fck\u00fcml\u00fcl\u00fc\u011f\u00fc alt\u0131nda bulunan ki\u015filer veya yetkili kurum ve kurulu\u015flar taraf\u0131ndan ilgilinin a\u00e7\u0131k r\u0131zas\u0131 aranmaks\u0131z\u0131n i\u015flenebilir.<\/p>\n<p><strong>4. Ki\u015fisel Verilerin Korunmas\u0131na Y\u00f6nelik Haklar\u0131n\u0131z<\/strong><\/p>\n<p>Kanun ve ilgili mevzuatlar uyar\u0131nca;<\/p>\n<ul type=\"disc\">\n<li>Ki\u015fisel veri i\u015flenip i\u015flenmedi\u011fini \u00f6\u011frenme,<\/li>\n<li>Ki\u015fisel veriler i\u015flenmi\u015fse buna ili\u015fkin bilgi talep etme,<\/li>\n<li>Ki\u015fisel sa\u011fl\u0131k verilerine eri\u015fim ve bu verileri isteme,<\/li>\n<li>Ki\u015fisel verilerin i\u015flenme amac\u0131n\u0131 ve bunlar\u0131n amac\u0131na uygun kullan\u0131l\u0131p kullan\u0131lmad\u0131\u011f\u0131n\u0131 \u00f6\u011frenme,<\/li>\n<li>Yurt i\u00e7inde veya yurt d\u0131\u015f\u0131nda ki\u015fisel verilerin aktar\u0131ld\u0131\u011f\u0131 \u00fc\u00e7\u00fcnc\u00fc ki\u015fileri bilme,<\/li>\n<li>Ki\u015fisel verilerin eksik veya yanl\u0131\u015f i\u015flenmi\u015f olmas\u0131 h\u00e2linde bunlar\u0131n d\u00fczeltilmesini isteme,<\/li>\n<li>Ki\u015fisel verilerin silinmesini veya yok edilmesini isteme,<\/li>\n<li>Ki\u015fisel verilerin eksik veya yanl\u0131\u015f i\u015flenmi\u015f olmas\u0131 h\u00e2linde bunlar\u0131n d\u00fczeltilmesine ve\/veya ki\u015fisel verilerin silinmesini veya yok edilmesine ili\u015fkin i\u015flemlerin ki\u015fisel verilerin aktar\u0131ld\u0131\u011f\u0131 \u00fc\u00e7\u00fcnc\u00fc ki\u015filere bildirilmesini isteme,<\/li>\n<li>\u0130\u015flenen verilerin m\u00fcnhas\u0131ran otomatik sistemler vas\u0131tas\u0131yla analiz edilmesi suretiyle ki\u015finin kendisi aleyhine bir sonucun ortaya \u00e7\u0131kmas\u0131na itiraz etme hakk\u0131n\u0131 haizsiniz.<\/li>\n<\/ul>\n<p>Mezk\u00fbr haklar\u0131n\u0131zdan birini ya da birka\u00e7\u0131n\u0131 kullanman\u0131z halinde ilgili bilgi taraf\u0131n\u0131za, a\u00e7\u0131k ve anla\u015f\u0131labilir bir \u015fekilde yaz\u0131l\u0131 olarak ya da elektronik ortamda, taraf\u0131n\u0131zca sa\u011flanan ileti\u015fim bilgileri yoluyla, bildirilir.<\/p>\n<p><strong>5. Veri G\u00fcvenli\u011fi<\/strong><\/p>\n<p>YE\u015e\u0130LBA\u011e, ki\u015fisel verilerinizi bilgi g\u00fcvenli\u011fi standartlar\u0131 ve prosed\u00fcrleri gere\u011fince al\u0131nmas\u0131 gereken t\u00fcm teknik ve idari g\u00fcvenlik kontrollerine tam uygunlukla korumaktad\u0131r. S\u00f6z konusu g\u00fcvenlik tedbirleri, teknolojik imk\u00e2nlar da g\u00f6z \u00f6n\u00fcnde bulundurularak muhtemel riske uygun bir d\u00fczeyde sa\u011flanmaktad\u0131r.<\/p>\n<p><strong>6. \u015eikayet ve \u0130leti\u015fim<\/strong><\/p>\n<p>Ki\u015fisel verileriniz teknik ve idari imk\u00e2nlar d\u00e2hilinde titizlikle korunmakta ve gerekli g\u00fcvenlik tedbirleri, teknolojik imk\u00e2nlar da g\u00f6z \u00f6n\u00fcnde bulundurularak olas\u0131 risklere uygun bir d\u00fczeyde sa\u011flanmaktad\u0131r. Kanun kapsam\u0131ndaki taleplerinizi\u00a0<strong><a href=\"\/tr\/kvkk-bilgilendirme-metni\/\">\u00a0www.omeristanbul.com\/tr\/kvkk-bilgilendirme<\/a>\u00a0<\/strong>web adresindeki \u201c<strong><a href=\"\/wp-content\/uploads\/2025\/12\/basvuru-formu.pdf\">Ki\u015fisel Verilerin Korunmas\u0131 Kanunu Uyar\u0131nca Ba\u015fvuru Formu<\/a><\/strong>\u201d nu doldurarak;<\/p>\n<ul type=\"disc\">\n<li>(i) Ak\u015femsettin mah, Adnan Menderes Blv. D:No 6-8, D:Kat:1-2-3, 34093 Fatih\/\u0130stanbul T\u00fcrkiye adresine kargo ile \u0131slak imzan\u0131z\u0131 ta\u015f\u0131yan bir dilek\u00e7e ile Zarf\u0131na \u201cKi\u015fisel Verilerin Korunmas\u0131 Kanunu Kapsam\u0131nda Bilgi Talebi\u201d yaz\u0131larak g\u00f6nderebilirsiniz,<\/li>\n<li>(ii) Noter kanal\u0131yla g\u00f6nderebilir,<\/li>\n<li>(iii) YE\u015e\u0130LBA\u011e \u2018a hitaben yazd\u0131\u011f\u0131n\u0131z \u201cword veya pdf.\u201d format\u0131ndaki bir dosyay\u0131 g\u00fcvenli e-imza ile imzalayarak\u00a0<a href=\"mailto:info@omeristanbul.com\"><strong>info@omeristanbul.com<\/strong>\u00a0<\/a>\u2018a e-posta\u2019n\u0131n konu k\u0131sm\u0131na \u201cKi\u015fisel Verilerin Korunmas\u0131 Kanunu Bilgi Talebi\u201d yazarak iletebilirsiniz.<\/li>\n<\/ul>\n<p>Kanun kapsam\u0131ndaki taleplerinizi,\u00a0 web adresindeki\u00a0\u201c<strong><a href=\"\/wp-content\/uploads\/2025\/12\/basvuru-formu.pdf\" target=\"_blank\" rel=\"noopener\">Ki\u015fisel Verilerin Korunmas\u0131 Ka<\/a><a href=\"\/wp-content\/uploads\/2025\/12\/basvuru-formu.pdf\">basvuru-formu<\/a><a href=\"\/wp-content\/uploads\/2025\/12\/basvuru-formu.pdf\" target=\"_blank\" rel=\"noopener\">nunu Uyar\u0131nca Ba\u015fvuru Formu<\/a><\/strong>\u201d\u00a0nu doldurarak ve formda belirtilen usullerle taraf\u0131m\u0131za iletmenizi rica ederiz.<\/p>\n<\/div><\/div><div class=\"w-separator size_medium\"><\/div><div class=\"wpb_text_column\"><div class=\"wpb_wrapper\"><p>Last Updated On 05-Feb-2024<br \/>\nEffective Date 05-Feb-2024<\/p>\n<\/div><\/div><\/div><\/div><\/div><\/div><\/section><section class=\"l-section wpb_row height_small\"><div class=\"l-section-h i-cf\"><div class=\"g-cols vc_row via_grid cols_1 laptops-cols_inherit tablets-cols_inherit mobiles-cols_1 valign_top type_default stacking_default\"><div class=\"wpb_column vc_column_container\"><div class=\"vc_column-inner\"><div class=\"w-separator size_huge\"><\/div><\/div><\/div><\/div><\/div><\/section>\n","protected":false},"excerpt":{"rendered":"[vc_custom_heading text=\"KVKK Bilgilendirme Metni\" font_container=\"tag:h1|text_align:left\" use_theme_fonts=\"yes\" el_class=\"regular-h1 make-left\"]Giri\u015fSayfalarYE\u015e\u0130LBA\u011e SA\u011eLIK H\u0130ZMETLER\u0130 L\u0130M\u0130TED \u015e\u0130RKET\u0130\u00a0(\u201cYE\u015e\u0130LBA\u011e\u201d) olarak an\u0131lacakt\u0131r.) taraf\u0131ndan, 6698 say\u0131l\u0131 Ki\u015fisel Verilerin Korunmas\u0131 Kanunu (\u201cKanun\u201d) ve ilgili mevzuat kapsam\u0131nda Veri Sorumlusu s\u0131fat\u0131yla, ki\u015fisel verileriniz, a\u015fa\u011f\u0131da a\u00e7\u0131klanan \u00e7er\u00e7evede ve 3359 say\u0131l\u0131 Sa\u011fl\u0131k Hizmetleri Temel Kanunu, 663 say\u0131l\u0131 Sa\u011fl\u0131k Bakanl\u0131\u011f\u0131 ve Ba\u011fl\u0131 Kurulu\u015flar\u0131n\u0131n Te\u015fkilat ve G\u00f6revleri Hakk\u0131nda Kanun H\u00fckm\u00fcnde Kararname,...","protected":false},"author":1,"featured_media":0,"parent":0,"menu_order":0,"comment_status":"closed","ping_status":"closed","template":"","meta":{"footnotes":""},"class_list":["post-4020","page","type-page","status-publish","hentry"],"yoast_head":"<!-- This site is optimized with the Yoast SEO plugin v26.6 - https:\/\/yoast.com\/wordpress\/plugins\/seo\/ -->\n<title>KVKK Bilgilendirme Metni - Omer Istanbul<\/title>\n<meta name=\"robots\" content=\"noindex, follow, max-snippet:-1, max-image-preview:large, max-video-preview:-1\" \/>\n<meta property=\"og:locale\" content=\"tr_TR\" \/>\n<meta property=\"og:type\" content=\"article\" \/>\n<meta property=\"og:title\" content=\"KVKK Bilgilendirme Metni - Omer Istanbul\" \/>\n<meta property=\"og:url\" content=\"https:\/\/oi.omerdental.com\/tr\/kvkk-bilgilendirme-metni\/\" \/>\n<meta property=\"og:site_name\" content=\"Omer Istanbul\" \/>\n<meta property=\"article:modified_time\" content=\"2025-12-23T14:31:16+00:00\" \/>\n<meta name=\"twitter:card\" content=\"summary_large_image\" \/>\n<meta name=\"twitter:label1\" content=\"Tahmini okuma s\u00fcresi\" \/>\n\t<meta name=\"twitter:data1\" content=\"6 dakika\" \/>\n<script type=\"application\/ld+json\" class=\"yoast-schema-graph\">{\"@context\":\"https:\/\/schema.org\",\"@graph\":[{\"@type\":\"WebPage\",\"@id\":\"https:\/\/oi.omerdental.com\/tr\/kvkk-bilgilendirme-metni\/\",\"url\":\"https:\/\/oi.omerdental.com\/tr\/kvkk-bilgilendirme-metni\/\",\"name\":\"KVKK Bilgilendirme Metni - Omer Istanbul\",\"isPartOf\":{\"@id\":\"https:\/\/oi.omerdental.com\/tr\/#website\"},\"datePublished\":\"2025-12-23T14:25:17+00:00\",\"dateModified\":\"2025-12-23T14:31:16+00:00\",\"breadcrumb\":{\"@id\":\"https:\/\/oi.omerdental.com\/tr\/kvkk-bilgilendirme-metni\/#breadcrumb\"},\"inLanguage\":\"tr\",\"potentialAction\":[{\"@type\":\"ReadAction\",\"target\":[\"https:\/\/oi.omerdental.com\/tr\/kvkk-bilgilendirme-metni\/\"]}]},{\"@type\":\"BreadcrumbList\",\"@id\":\"https:\/\/oi.omerdental.com\/tr\/kvkk-bilgilendirme-metni\/#breadcrumb\",\"itemListElement\":[{\"@type\":\"ListItem\",\"position\":1,\"name\":\"Home\",\"item\":\"https:\/\/oi.omerdental.com\/tr\/\"},{\"@type\":\"ListItem\",\"position\":2,\"name\":\"KVKK Bilgilendirme Metni\"}]},{\"@type\":\"WebSite\",\"@id\":\"https:\/\/oi.omerdental.com\/tr\/#website\",\"url\":\"https:\/\/oi.omerdental.com\/tr\/\",\"name\":\"Omer Istanbul\",\"description\":\"\",\"potentialAction\":[{\"@type\":\"SearchAction\",\"target\":{\"@type\":\"EntryPoint\",\"urlTemplate\":\"https:\/\/oi.omerdental.com\/tr\/?s={search_term_string}\"},\"query-input\":{\"@type\":\"PropertyValueSpecification\",\"valueRequired\":true,\"valueName\":\"search_term_string\"}}],\"inLanguage\":\"tr\"}]}<\/script>\n<!-- \/ Yoast SEO plugin. -->","yoast_head_json":{"title":"KVKK Bilgilendirme Metni - Omer Istanbul","robots":{"index":"noindex","follow":"follow","max-snippet":"max-snippet:-1","max-image-preview":"max-image-preview:large","max-video-preview":"max-video-preview:-1"},"og_locale":"tr_TR","og_type":"article","og_title":"KVKK Bilgilendirme Metni - Omer Istanbul","og_url":"https:\/\/oi.omerdental.com\/tr\/kvkk-bilgilendirme-metni\/","og_site_name":"Omer Istanbul","article_modified_time":"2025-12-23T14:31:16+00:00","twitter_card":"summary_large_image","twitter_misc":{"Tahmini okuma s\u00fcresi":"6 dakika"},"schema":{"@context":"https:\/\/schema.org","@graph":[{"@type":"WebPage","@id":"https:\/\/oi.omerdental.com\/tr\/kvkk-bilgilendirme-metni\/","url":"https:\/\/oi.omerdental.com\/tr\/kvkk-bilgilendirme-metni\/","name":"KVKK Bilgilendirme Metni - Omer Istanbul","isPartOf":{"@id":"https:\/\/oi.omerdental.com\/tr\/#website"},"datePublished":"2025-12-23T14:25:17+00:00","dateModified":"2025-12-23T14:31:16+00:00","breadcrumb":{"@id":"https:\/\/oi.omerdental.com\/tr\/kvkk-bilgilendirme-metni\/#breadcrumb"},"inLanguage":"tr","potentialAction":[{"@type":"ReadAction","target":["https:\/\/oi.omerdental.com\/tr\/kvkk-bilgilendirme-metni\/"]}]},{"@type":"BreadcrumbList","@id":"https:\/\/oi.omerdental.com\/tr\/kvkk-bilgilendirme-metni\/#breadcrumb","itemListElement":[{"@type":"ListItem","position":1,"name":"Home","item":"https:\/\/oi.omerdental.com\/tr\/"},{"@type":"ListItem","position":2,"name":"KVKK Bilgilendirme Metni"}]},{"@type":"WebSite","@id":"https:\/\/oi.omerdental.com\/tr\/#website","url":"https:\/\/oi.omerdental.com\/tr\/","name":"Omer Istanbul","description":"","potentialAction":[{"@type":"SearchAction","target":{"@type":"EntryPoint","urlTemplate":"https:\/\/oi.omerdental.com\/tr\/?s={search_term_string}"},"query-input":{"@type":"PropertyValueSpecification","valueRequired":true,"valueName":"search_term_string"}}],"inLanguage":"tr"}]}},"_links":{"self":[{"href":"https:\/\/oi.omerdental.com\/tr\/wp-json\/wp\/v2\/pages\/4020","targetHints":{"allow":["GET"]}}],"collection":[{"href":"https:\/\/oi.omerdental.com\/tr\/wp-json\/wp\/v2\/pages"}],"about":[{"href":"https:\/\/oi.omerdental.com\/tr\/wp-json\/wp\/v2\/types\/page"}],"author":[{"embeddable":true,"href":"https:\/\/oi.omerdental.com\/tr\/wp-json\/wp\/v2\/users\/1"}],"replies":[{"embeddable":true,"href":"https:\/\/oi.omerdental.com\/tr\/wp-json\/wp\/v2\/comments?post=4020"}],"version-history":[{"count":4,"href":"https:\/\/oi.omerdental.com\/tr\/wp-json\/wp\/v2\/pages\/4020\/revisions"}],"predecessor-version":[{"id":4026,"href":"https:\/\/oi.omerdental.com\/tr\/wp-json\/wp\/v2\/pages\/4020\/revisions\/4026"}],"wp:attachment":[{"href":"https:\/\/oi.omerdental.com\/tr\/wp-json\/wp\/v2\/media?parent=4020"}],"curies":[{"name":"wp","href":"https:\/\/api.w.org\/{rel}","templated":true}]}}