{"id":3937,"date":"2025-11-13T09:00:26","date_gmt":"2025-11-13T09:00:26","guid":{"rendered":"https:\/\/oi.omerdental.com\/?page_id=3937"},"modified":"2025-12-23T14:33:36","modified_gmt":"2025-12-23T14:33:36","slug":"gizlilik-sozlesmesi","status":"publish","type":"page","link":"https:\/\/oi.omerdental.com\/tr\/gizlilik-sozlesmesi\/","title":{"rendered":"Gizlilik Politikas\u0131"},"content":{"rendered":"<section class=\"l-section wpb_row us_custom_cd866175 has_text_color height_large\"><div class=\"l-section-overlay\" style=\"background:rgba(19,27,92,0.70)\"><\/div><div class=\"l-section-h i-cf\"><div class=\"g-cols vc_row via_grid cols_1 laptops-cols_inherit tablets-cols_inherit mobiles-cols_1 valign_top type_default stacking_default\"><div class=\"wpb_column vc_column_container\"><div class=\"vc_column-inner\">[vc_custom_heading text=&#8221;Gizlilik Politikas\u0131&#8221; font_container=&#8221;tag:h1|text_align:left&#8221; use_theme_fonts=&#8221;yes&#8221; el_class=&#8221;regular-h1 make-left&#8221;]<nav class=\"g-breadcrumbs us_custom_5f1f2269 has_text_color separator_icon align_none\" itemscope itemtype=\"http:\/\/schema.org\/BreadcrumbList\"><div class=\"g-breadcrumbs-item\" itemscope itemprop=\"itemListElement\" itemtype=\"http:\/\/schema.org\/ListItem\"><a itemprop=\"item\" href=\"https:\/\/oi.omerdental.com\/tr\/\"><span itemprop=\"name\">Giri\u015f<\/span><\/a><meta itemprop=\"position\" content=\"1\"\/><\/div><div class=\"g-breadcrumbs-separator\"><i class=\"far fa-angle-right\"><\/i><\/div><div class=\"g-breadcrumbs-item\">Sayfalar<\/div><\/nav><\/div><\/div><\/div><\/div><\/section><section class=\"l-section wpb_row height_medium\"><div class=\"l-section-h i-cf\"><div class=\"g-cols vc_row via_grid cols_1 laptops-cols_inherit tablets-cols_inherit mobiles-cols_1 valign_top type_default stacking_default\"><div class=\"wpb_column vc_column_container\"><div class=\"vc_column-inner\"><div class=\"wpb_text_column\"><div class=\"wpb_wrapper\"><p>Bu Gizlilik Politikas\u0131, YE\u015e\u0130LBA\u011e SA\u011eLIK H\u0130ZMETLER\u0130 L\u0130M\u0130TED \u015e\u0130RKET\u0130&#8217;nin (Omer \u0130stanbul Di\u015f Poliklini\u011fi) Ak\u015femsettin Mahallesi, Adnan Menderes Blv. D:No 6-8, Kat:1-2-3, 34093 Fatih\/\u0130stanbul, T\u00fcrkiye adresinde, <a href=\"mailto:info@omeristanbul.com\">info@omeristanbul.com<\/a> e-posta adresi ve +905528403434 telefon numaras\u0131yla, <a href=\"https:\/\/www.omeristanbul.com\">www.omeristanbul.com<\/a> web sitesini (&#8220;<strong>Hizmet<\/strong>&#8220;) kulland\u0131\u011f\u0131n\u0131zda toplad\u0131\u011f\u0131m\u0131z bilgilerinizin kullan\u0131lmas\u0131 ve payla\u015f\u0131lmas\u0131na ili\u015fkin politikalar\u0131n\u0131 a\u00e7\u0131klar. Hizmete eri\u015ferek veya kullanarak, bilgilerinizin bu Gizlilik Politikas\u0131 uyar\u0131nca toplanmas\u0131na, kullan\u0131lmas\u0131na ve payla\u015f\u0131lmas\u0131na izin vermi\u015f olursunuz. Bu Hizmete r\u0131za g\u00f6stermiyorsan\u0131z, l\u00fctfen Hizmete eri\u015fmeyin veya kullanmay\u0131n.<\/p>\n<p>Bu Gizlilik Politikas\u0131 herhangi bir zamanda \u00f6nceden size herhangi bir bildirimde bulunmaks\u0131z\u0131n de\u011fi\u015ftirebiliriz ve revize edilmi\u015f Gizlilik Politikas\u0131n\u0131 Hizmet&#8217;te yay\u0131nlayaca\u011f\u0131z. Revize edilmi\u015f Politika, Hizmet&#8217;te yay\u0131nland\u0131\u011f\u0131 tarihten itibaren 180 g\u00fcn sonra ge\u00e7erli olacak ve bu tarihten sonra Hizmet&#8217;e eri\u015fiminiz veya kullan\u0131m\u0131n\u0131z, revize edilmi\u015f Gizlilik Politikas\u0131n\u0131 kabul etti\u011finiz anlam\u0131na gelecektir. Bu nedenle, bu sayfay\u0131 periyodik olarak g\u00f6zden ge\u00e7irmenizi \u00f6neririz.<\/p>\n<h3>Bilgilerinizin Toplanmas\u0131:<\/h3>\n<p>Sizden a\u015fa\u011f\u0131daki ki\u015fisel bilgileri web form arac\u0131l\u0131\u011f\u0131 toplayacak ve i\u015fleyece\u011fiz:<\/p>\n<ul>\n<li>Ad<\/li>\n<li>E-posta<\/li>\n<li>Mobil\/Telefon<\/li>\n<\/ul>\n<h3>Bilgilerinizin Nas\u0131l Kullan\u0131laca\u011f\u0131:<\/h3>\n<p>Size ait toplad\u0131\u011f\u0131m\u0131z bilgileri a\u015fa\u011f\u0131daki ama\u00e7lar i\u00e7in kullanaca\u011f\u0131z:<\/p>\n<ul>\n<li>Destek, Bilgilendirme<\/li>\n<\/ul>\n<p>Bilgilerinizi kanunen aksi bir durum gerekmedik\u00e7e, ba\u015fka bir ama\u00e7la kullanmadan \u00f6nce sizden onay alaca\u011f\u0131z. Onay\u0131n\u0131z\u0131 ald\u0131ktan sonra da bilgilerinizi sadece onay verdi\u011finiz ama\u00e7lar i\u00e7in kullanaca\u011f\u0131z.<\/p>\n<h3>Bilgilerinizin Nas\u0131l Payla\u015f\u0131laca\u011f\u0131:<\/h3>\n<p>Onay\u0131n\u0131z olmadan ki\u015fisel bilgilerinizi hi\u00e7bir \u00fc\u00e7\u00fcnc\u00fc tarafa aktarmayaca\u011f\u0131z. Ancak a\u015fa\u011f\u0131daki s\u0131n\u0131rl\u0131 durumlarda istisna olabilir:<\/p>\n<ul>\n<li>Reklam hizmetleri<\/li>\n<li>Analitik<\/li>\n<\/ul>\n<p>Ki\u015fisel bilgilerinizi devretti\u011fimiz \u00fc\u00e7\u00fcnc\u00fc taraflar\u0131n, bu bilgileri yaln\u0131zca devredildi\u011fi ama\u00e7 i\u00e7in kullanmas\u0131n\u0131 ve belirtilen amac\u0131n yerine getirilmesinden daha uzun s\u00fcre saklamamas\u0131n\u0131 \u015fart ko\u015far\u0131z.<\/p>\n<p>Ayr\u0131ca, ki\u015fisel bilgilerinizi, (1) gerekli kanunlara, d\u00fczenlemelere, mahkeme kararlar\u0131na veya di\u011fer yasal i\u015flemlere uymak, (2) bu Gizlilik Politikas\u0131 dahil olmak \u00fczere bizimle yapt\u0131\u011f\u0131n\u0131z anla\u015fmalar\u0131 uygulamak veya (3) hizmet kullan\u0131m\u0131n\u0131z\u0131n herhangi bir \u00fc\u00e7\u00fcnc\u00fc taraf\u0131n haklar\u0131n\u0131 ihlal etti\u011fine ili\u015fkin iddialara yan\u0131t vermek i\u00e7in de a\u00e7\u0131klayabiliriz. Hizmet veya \u015firketimiz ba\u015fka bir \u015firket ile birle\u015firse veya sat\u0131n al\u0131n\u0131rsa, bilgileriniz yeni sahibe devredilen varl\u0131klardan biri olacakt\u0131r.<\/p>\n<h3>Bilgilerinizin Saklanmas\u0131:<\/h3>\n<p>Ki\u015fisel bilgilerinizi, kullan\u0131c\u0131lar\u0131n hesaplar\u0131n\u0131 sonland\u0131rd\u0131ktan sonra 90 g\u00fcn ila 2 y\u0131l veya bu Gizlilik Politikas\u0131 ayr\u0131nt\u0131l\u0131 olarak belirtilen ama\u00e7lar\u0131n\u0131 yerine getirmek i\u00e7in ne kadar s\u00fcre gerekiyorsa, o s\u00fcre boyunca saklayaca\u011f\u0131z. Belirli bilgileri, uygulanabilir yasa gereklilikleri veya di\u011fer me\u015fru nedenlerle (kanuni haklar\u0131n uygulanmas\u0131, doland\u0131r\u0131c\u0131l\u0131k \u00f6nleme vb.) kay\u0131t tutma \/ raporlama gibi daha uzun s\u00fcreler i\u00e7in saklamam\u0131z gerekebilir. Sizi (do\u011frudan veya dolayl\u0131 olarak) tan\u0131mlamayan kalan anonim bilgiler ve toplu bilgiler, s\u00fcresiz olarak saklanabilir.<\/p>\n<h3>Haklar\u0131n\u0131z:<\/h3>\n<p>Uygulanan yasaya ba\u011fl\u0131 olarak, ki\u015fisel verilerinize eri\u015fme, d\u00fczeltme veya silme hakk\u0131na veya ki\u015fisel verilerinizin bir kopyas\u0131n\u0131 alma, verilerinizin i\u015flenmesine kar\u015f\u0131 koyma veya s\u0131n\u0131rland\u0131rma, ki\u015fisel bilgilerinizi ba\u015fka bir kurulu\u015fla payla\u015fma (ta\u015f\u0131nabilirlik), bize verdi\u011finiz herhangi bir onay\u0131 veri i\u015fleme hakk\u0131n\u0131z\u0131 geri \u00e7ekme, yasal bir otoriteye \u015fikayet hakk\u0131 ve ge\u00e7erli yasalara uygun olarak ilgili di\u011fer haklara sahip olabilirsiniz. Bu haklar\u0131 kullanmak i\u00e7in bize <a href=\"mailto:info@omeristanbul.com\">info@omeristanbul.com<\/a> adresinden yazabilirsiniz. Talebinizi, y\u00fcr\u00fcrl\u00fckte olan yasalara uygun olarak yan\u0131tlayaca\u011f\u0131z.<\/p>\n<p>Bilgilerinizi toplamam\u0131za veya i\u015flememize izin vermez veya ayn\u0131 ama\u00e7lar i\u00e7in i\u015flem iznini geri \u00e7ekerseniz, bilgilerinize gereksinim duyan hizmetlere eri\u015femeyebilir veya kullanamayabilirsiniz.<\/p>\n<h3>\u00c7erezler vb.<\/h3>\n<p>\u00c7erez gibi izleme teknolojilerini nas\u0131l kulland\u0131\u011f\u0131m\u0131z ve bu teknolojilerle ilgili tercihleriniz hakk\u0131nda daha fazla bilgi edinmek i\u00e7in l\u00fctfen <strong><a style=\"text-decoration: underline;\" href=\"https:\/\/oi.omerdental.com\/tr\/cerez-politikamiz\/\">\u00c7erez Politikam\u0131z\u0131<\/a><\/strong> inceleyiniz.<\/p>\n<h3>G\u00fcvenlik:<\/h3>\n<p>Bilgilerinizin g\u00fcvenli\u011fi bizim i\u00e7in \u00f6nemlidir ve kontrol\u00fcm\u00fcz alt\u0131ndaki bilgilerinizin kayb\u0131n\u0131, k\u00f6t\u00fcye kullan\u0131lmas\u0131n\u0131 veya yetkisiz de\u011fi\u015ftirilmesini \u00f6nlemek i\u00e7in makul g\u00fcvenlik \u00f6nlemleri uygulayaca\u011f\u0131z. Ancak, herhangi bir veri aktar\u0131m\u0131nda riskler her zaman mevcuttur ve bu nedenle, bize iletti\u011finiz herhangi bir bilginin mutlak g\u00fcvenli\u011fini garanti edemiyoruz. Bilgilerinizi bize iletmeyi se\u00e7erseniz, bunu kendi riskiniz alt\u0131nda yapm\u0131\u015f olursunuz.<\/p>\n<h3>\u015eikayet \/ Veri Koruma Yetkilisi:<\/h3>\n<p>E\u011fer bizde mevcut olan bilgilerinizin i\u015flenmesiyle ilgili herhangi bir sorunuz veya endi\u015feniz varsa, \u00d6mer \u0130stanbul Di\u015f Poliklni\u011fi&#8217;ndeki \u015eikayet G\u00f6revlimize e-posta g\u00f6nderebilirsiniz. Adres: Ak\u015femsettin Mahallesi, Adnan Menderes Blv. D:No 6-8, Kat:1-2-3, 34093 Fatih\/\u0130stanbul, e-posta: <a href=\"mailto:info@omeristanbul.com\">info@omeristanbul.com<\/a>. Endi\u015felerinizi y\u00fcr\u00fcrl\u00fckteki yasalara uygun olarak ele alaca\u011f\u0131z.<\/p>\n<\/div><\/div><div class=\"w-separator size_medium\"><\/div><div class=\"wpb_text_column\"><div class=\"wpb_wrapper\"><p>Last Updated On 05-Feb-2024<br \/>\nEffective Date 05-Feb-2024<\/p>\n<\/div><\/div><\/div><\/div><\/div><\/div><\/section><section class=\"l-section wpb_row height_small\"><div class=\"l-section-h i-cf\"><div class=\"g-cols vc_row via_grid cols_1 laptops-cols_inherit tablets-cols_inherit mobiles-cols_1 valign_top type_default stacking_default\"><div class=\"wpb_column vc_column_container\"><div class=\"vc_column-inner\"><div class=\"w-separator size_huge\"><\/div><\/div><\/div><\/div><\/div><\/section>\n","protected":false},"excerpt":{"rendered":"[vc_custom_heading text=\"Gizlilik Politikas\u0131\" font_container=\"tag:h1|text_align:left\" use_theme_fonts=\"yes\" el_class=\"regular-h1 make-left\"]Giri\u015fSayfalarBu Gizlilik Politikas\u0131, YE\u015e\u0130LBA\u011e SA\u011eLIK H\u0130ZMETLER\u0130 L\u0130M\u0130TED \u015e\u0130RKET\u0130&#8217;nin (Omer \u0130stanbul Di\u015f Poliklini\u011fi) Ak\u015femsettin Mahallesi, Adnan Menderes Blv. D:No 6-8, Kat:1-2-3, 34093 Fatih\/\u0130stanbul, T\u00fcrkiye adresinde, info@omeristanbul.com e-posta adresi ve +905528403434 telefon numaras\u0131yla, www.omeristanbul.com web sitesini (&#8220;Hizmet&#8220;) kulland\u0131\u011f\u0131n\u0131zda toplad\u0131\u011f\u0131m\u0131z bilgilerinizin kullan\u0131lmas\u0131 ve payla\u015f\u0131lmas\u0131na ili\u015fkin politikalar\u0131n\u0131 a\u00e7\u0131klar. Hizmete eri\u015ferek veya kullanarak, bilgilerinizin...","protected":false},"author":1,"featured_media":0,"parent":0,"menu_order":0,"comment_status":"closed","ping_status":"closed","template":"","meta":{"footnotes":""},"class_list":["post-3937","page","type-page","status-publish","hentry"],"yoast_head":"<!-- This site is optimized with the Yoast SEO plugin v26.6 - https:\/\/yoast.com\/wordpress\/plugins\/seo\/ -->\n<title>Gizlilik Politikas\u0131 - Omer Istanbul<\/title>\n<meta name=\"robots\" content=\"noindex, follow, max-snippet:-1, max-image-preview:large, max-video-preview:-1\" \/>\n<meta property=\"og:locale\" content=\"tr_TR\" \/>\n<meta property=\"og:type\" content=\"article\" \/>\n<meta property=\"og:title\" content=\"Gizlilik Politikas\u0131 - Omer Istanbul\" \/>\n<meta property=\"og:url\" content=\"https:\/\/oi.omerdental.com\/tr\/gizlilik-sozlesmesi\/\" \/>\n<meta property=\"og:site_name\" content=\"Omer Istanbul\" \/>\n<meta property=\"article:modified_time\" content=\"2025-12-23T14:33:36+00:00\" \/>\n<meta name=\"twitter:card\" content=\"summary_large_image\" \/>\n<meta name=\"twitter:label1\" content=\"Tahmini okuma s\u00fcresi\" \/>\n\t<meta name=\"twitter:data1\" content=\"3 dakika\" \/>\n<script type=\"application\/ld+json\" class=\"yoast-schema-graph\">{\"@context\":\"https:\/\/schema.org\",\"@graph\":[{\"@type\":\"WebPage\",\"@id\":\"https:\/\/oi.omerdental.com\/tr\/gizlilik-sozlesmesi\/\",\"url\":\"https:\/\/oi.omerdental.com\/tr\/gizlilik-sozlesmesi\/\",\"name\":\"Gizlilik Politikas\u0131 - Omer Istanbul\",\"isPartOf\":{\"@id\":\"https:\/\/oi.omerdental.com\/tr\/#website\"},\"datePublished\":\"2025-11-13T09:00:26+00:00\",\"dateModified\":\"2025-12-23T14:33:36+00:00\",\"breadcrumb\":{\"@id\":\"https:\/\/oi.omerdental.com\/tr\/gizlilik-sozlesmesi\/#breadcrumb\"},\"inLanguage\":\"tr\",\"potentialAction\":[{\"@type\":\"ReadAction\",\"target\":[\"https:\/\/oi.omerdental.com\/tr\/gizlilik-sozlesmesi\/\"]}]},{\"@type\":\"BreadcrumbList\",\"@id\":\"https:\/\/oi.omerdental.com\/tr\/gizlilik-sozlesmesi\/#breadcrumb\",\"itemListElement\":[{\"@type\":\"ListItem\",\"position\":1,\"name\":\"Home\",\"item\":\"https:\/\/oi.omerdental.com\/tr\/\"},{\"@type\":\"ListItem\",\"position\":2,\"name\":\"Gizlilik Politikas\u0131\"}]},{\"@type\":\"WebSite\",\"@id\":\"https:\/\/oi.omerdental.com\/tr\/#website\",\"url\":\"https:\/\/oi.omerdental.com\/tr\/\",\"name\":\"Omer Istanbul\",\"description\":\"\",\"potentialAction\":[{\"@type\":\"SearchAction\",\"target\":{\"@type\":\"EntryPoint\",\"urlTemplate\":\"https:\/\/oi.omerdental.com\/tr\/?s={search_term_string}\"},\"query-input\":{\"@type\":\"PropertyValueSpecification\",\"valueRequired\":true,\"valueName\":\"search_term_string\"}}],\"inLanguage\":\"tr\"}]}<\/script>\n<!-- \/ Yoast SEO plugin. -->","yoast_head_json":{"title":"Gizlilik Politikas\u0131 - Omer Istanbul","robots":{"index":"noindex","follow":"follow","max-snippet":"max-snippet:-1","max-image-preview":"max-image-preview:large","max-video-preview":"max-video-preview:-1"},"og_locale":"tr_TR","og_type":"article","og_title":"Gizlilik Politikas\u0131 - Omer Istanbul","og_url":"https:\/\/oi.omerdental.com\/tr\/gizlilik-sozlesmesi\/","og_site_name":"Omer Istanbul","article_modified_time":"2025-12-23T14:33:36+00:00","twitter_card":"summary_large_image","twitter_misc":{"Tahmini okuma s\u00fcresi":"3 dakika"},"schema":{"@context":"https:\/\/schema.org","@graph":[{"@type":"WebPage","@id":"https:\/\/oi.omerdental.com\/tr\/gizlilik-sozlesmesi\/","url":"https:\/\/oi.omerdental.com\/tr\/gizlilik-sozlesmesi\/","name":"Gizlilik Politikas\u0131 - Omer Istanbul","isPartOf":{"@id":"https:\/\/oi.omerdental.com\/tr\/#website"},"datePublished":"2025-11-13T09:00:26+00:00","dateModified":"2025-12-23T14:33:36+00:00","breadcrumb":{"@id":"https:\/\/oi.omerdental.com\/tr\/gizlilik-sozlesmesi\/#breadcrumb"},"inLanguage":"tr","potentialAction":[{"@type":"ReadAction","target":["https:\/\/oi.omerdental.com\/tr\/gizlilik-sozlesmesi\/"]}]},{"@type":"BreadcrumbList","@id":"https:\/\/oi.omerdental.com\/tr\/gizlilik-sozlesmesi\/#breadcrumb","itemListElement":[{"@type":"ListItem","position":1,"name":"Home","item":"https:\/\/oi.omerdental.com\/tr\/"},{"@type":"ListItem","position":2,"name":"Gizlilik Politikas\u0131"}]},{"@type":"WebSite","@id":"https:\/\/oi.omerdental.com\/tr\/#website","url":"https:\/\/oi.omerdental.com\/tr\/","name":"Omer Istanbul","description":"","potentialAction":[{"@type":"SearchAction","target":{"@type":"EntryPoint","urlTemplate":"https:\/\/oi.omerdental.com\/tr\/?s={search_term_string}"},"query-input":{"@type":"PropertyValueSpecification","valueRequired":true,"valueName":"search_term_string"}}],"inLanguage":"tr"}]}},"_links":{"self":[{"href":"https:\/\/oi.omerdental.com\/tr\/wp-json\/wp\/v2\/pages\/3937","targetHints":{"allow":["GET"]}}],"collection":[{"href":"https:\/\/oi.omerdental.com\/tr\/wp-json\/wp\/v2\/pages"}],"about":[{"href":"https:\/\/oi.omerdental.com\/tr\/wp-json\/wp\/v2\/types\/page"}],"author":[{"embeddable":true,"href":"https:\/\/oi.omerdental.com\/tr\/wp-json\/wp\/v2\/users\/1"}],"replies":[{"embeddable":true,"href":"https:\/\/oi.omerdental.com\/tr\/wp-json\/wp\/v2\/comments?post=3937"}],"version-history":[{"count":3,"href":"https:\/\/oi.omerdental.com\/tr\/wp-json\/wp\/v2\/pages\/3937\/revisions"}],"predecessor-version":[{"id":4027,"href":"https:\/\/oi.omerdental.com\/tr\/wp-json\/wp\/v2\/pages\/3937\/revisions\/4027"}],"wp:attachment":[{"href":"https:\/\/oi.omerdental.com\/tr\/wp-json\/wp\/v2\/media?parent=3937"}],"curies":[{"name":"wp","href":"https:\/\/api.w.org\/{rel}","templated":true}]}}