{"id":3869,"date":"2025-12-05T08:39:04","date_gmt":"2025-12-05T08:39:04","guid":{"rendered":"https:\/\/oi.omerdental.com\/?page_id=3869"},"modified":"2025-12-23T08:24:31","modified_gmt":"2025-12-23T08:24:31","slug":"cerez-politikamiz","status":"publish","type":"page","link":"https:\/\/oi.omerdental.com\/tr\/cerez-politikamiz\/","title":{"rendered":"\u00c7erez Politikam\u0131z"},"content":{"rendered":"<section class=\"l-section wpb_row us_custom_cd866175 has_text_color height_large\"><div class=\"l-section-overlay\" style=\"background:rgba(19,27,92,0.70)\"><\/div><div class=\"l-section-h i-cf\"><div class=\"g-cols vc_row via_grid cols_1 laptops-cols_inherit tablets-cols_inherit mobiles-cols_1 valign_top type_default stacking_default\"><div class=\"wpb_column vc_column_container\"><div class=\"vc_column-inner\">[vc_custom_heading text=&#8221;\u00c7erez Politikam\u0131z&#8221; font_container=&#8221;tag:h1|text_align:left&#8221; use_theme_fonts=&#8221;yes&#8221; el_class=&#8221;regular-h1 make-left&#8221;]<nav class=\"g-breadcrumbs us_custom_5f1f2269 has_text_color separator_icon align_none\" itemscope itemtype=\"http:\/\/schema.org\/BreadcrumbList\"><div class=\"g-breadcrumbs-item\" itemscope itemprop=\"itemListElement\" itemtype=\"http:\/\/schema.org\/ListItem\"><a itemprop=\"item\" href=\"https:\/\/oi.omerdental.com\/tr\/\"><span itemprop=\"name\">Giri\u015f<\/span><\/a><meta itemprop=\"position\" content=\"1\"\/><\/div><div class=\"g-breadcrumbs-separator\"><i class=\"far fa-angle-right\"><\/i><\/div><div class=\"g-breadcrumbs-item\">Sayfalar<\/div><\/nav><\/div><\/div><\/div><\/div><\/section><section class=\"l-section wpb_row height_medium\"><div class=\"l-section-h i-cf\"><div class=\"g-cols vc_row via_grid cols_1 laptops-cols_inherit tablets-cols_inherit mobiles-cols_1 valign_top type_default stacking_default\"><div class=\"wpb_column vc_column_container\"><div class=\"vc_column-inner\"><div class=\"wpb_text_column\"><div class=\"wpb_wrapper\"><h5>\u00c7erezler nedir?<\/h5>\n<div class=\"cookie-policy-p\">\n<p>Bu \u00c7erez Politikas\u0131, \u00e7erezlerin ne oldu\u011funu ve nas\u0131l kulland\u0131\u011f\u0131m\u0131z\u0131, kulland\u0131\u011f\u0131m\u0131z \u00e7erez t\u00fcrlerini (yani \u00e7erezler arac\u0131l\u0131\u011f\u0131yla toplad\u0131\u011f\u0131m\u0131z bilgiler ve bu bilgilerin nas\u0131l kullan\u0131ld\u0131\u011f\u0131) ve \u00e7erez ayarlar\u0131n\u0131 nas\u0131l y\u00f6netebilece\u011finizi a\u00e7\u0131klar.\u00c7erezler, k\u00fc\u00e7\u00fck bilgi par\u00e7alar\u0131n\u0131 depolamak i\u00e7in kullan\u0131lan k\u00fc\u00e7\u00fck metin dosyalar\u0131d\u0131r. Web sitesi taray\u0131c\u0131n\u0131za y\u00fcklendi\u011finde cihaz\u0131n\u0131za kaydedilirler. Bu \u00e7erezler, web sitesinin d\u00fczg\u00fcn \u00e7al\u0131\u015fmas\u0131na yard\u0131mc\u0131 olur, daha g\u00fcvenli hale getirir, daha iyi bir kullan\u0131c\u0131 deneyimi sunar ve web sitesinin performans\u0131n\u0131 anlamalar\u0131m\u0131z\u0131 ve neyin i\u015fe yarad\u0131\u011f\u0131n\u0131, neyin iyile\u015ftirilmesi gerekti\u011fini analiz etmemizi sa\u011flar.<\/p>\n<\/div>\n<h5>\u00c7erezleri nas\u0131l kullan\u0131yoruz?<\/h5>\n<div class=\"cookie-policy-p\">\n<p>\u00c7o\u011fu \u00e7evrimi\u00e7i hizmet gibi, web sitemiz \u00e7e\u015fitli ama\u00e7lar i\u00e7in birinci taraf ve \u00fc\u00e7\u00fcnc\u00fc taraf \u00e7erezlerini kullan\u0131r. Birinci taraf \u00e7erezleri \u00e7o\u011funlukla web sitesinin do\u011fru \u015fekilde \u00e7al\u0131\u015fmas\u0131 i\u00e7in gereklidir ve ki\u015fisel olarak tan\u0131mlanabilir hi\u00e7bir verinizi toplamazlar.<\/p>\n<p>Web sitemizde kullan\u0131lan \u00fc\u00e7\u00fcnc\u00fc taraf \u00e7erezleri, \u00f6ncelikle web sitesinin performans\u0131n\u0131 anlamay\u0131, sizin web sitemizle nas\u0131l etkile\u015fimde bulundu\u011funuzu anlamay\u0131, hizmetlerimizi g\u00fcvenli tutmay\u0131, sizin i\u00e7in alakal\u0131 reklamlar sunmay\u0131 ve genel olarak size daha iyi ve geli\u015fmi\u015f bir kullan\u0131c\u0131 deneyimi sunarak web sitemizle gelecekteki etkile\u015fimlerinizi h\u0131zland\u0131rmaya yard\u0131mc\u0131 olur.<\/p>\n<\/div>\n<h5>Kullanmakta oldu\u011fumuz \u00c7erez T\u00fcrleri<\/h5>\n<div class=\"cky-audit-table-element\"><\/div>\n<h5 style=\"margin-bottom: 20px;\">\u00c7erez tercihlerinizi y\u00f6netme<\/h5>\n<p><a class=\"cky-banner-element\">\u00c7erez Ayarlar\u0131<\/a><\/p>\n<div>\n<p>Yukar\u0131daki d\u00fc\u011fmeye t\u0131klayarak \u00e7erez tercihlerinizi istedi\u011finiz zaman de\u011fi\u015ftirebilirsiniz. Bu, \u00e7erez onay banner&#8217;\u0131n\u0131 yeniden ziyaret etmenizi ve tercihlerinizi de\u011fi\u015ftirmenizi veya izninizi hemen geri \u00e7ekmenizi sa\u011flar.<\/p>\n<p>Buna ek olarak, farkl\u0131 taray\u0131c\u0131lar web siteleri taraf\u0131ndan kullan\u0131lan \u00e7erezleri engellemek ve silmek i\u00e7in farkl\u0131 y\u00f6ntemler sunar. \u00c7erezleri engellemek\/silmek i\u00e7in taray\u0131c\u0131n\u0131z\u0131n ayarlar\u0131n\u0131 de\u011fi\u015ftirebilirsiniz. A\u015fa\u011f\u0131da, ba\u015fl\u0131ca web taray\u0131c\u0131lar\u0131nda \u00e7erezleri nas\u0131l y\u00f6netebilece\u011finiz ve silebilece\u011finiz ile ilgili destek d\u00f6k\u00fcmanlar\u0131n ba\u011flant\u0131lar\u0131 verilmi\u015ftir.<\/p>\n<p><strong>Chrome:<\/strong> <a href=\"https:\/\/support.google.com\/accounts\/answer\/32050\" target=\"_blank\" rel=\"noopener\">https:\/\/support.google.com\/accounts\/answer\/32050<\/a><\/p>\n<p><strong>Safari:<\/strong> <a href=\"https:\/\/support.apple.com\/en-in\/guide\/safari\/sfri11471\/mac\" target=\"_blank\" rel=\"noopener\">https:\/\/support.apple.com\/en-in\/guide\/safari\/sfri11471\/mac<\/a><\/p>\n<p><strong>Firefox:<\/strong> <a href=\"https:\/\/support.mozilla.org\/en-US\/kb\/clear-cookies-and-site-data-firefox?redirectslug=delete-cookies-remove-info-websites-stored&amp;redirectlocale=en-US\" target=\"_blank\" rel=\"noopener\">https:\/\/support.mozilla.org\/en-US\/kb\/clear-cookies-and-site-data-firefox?redirectslug=delete-cookies-remove-info-websites-stored&amp;redirectlocale=en-US<\/a><\/p>\n<p><strong>Internet Explorer:<\/strong> <a href=\"https:\/\/support.microsoft.com\/en-us\/topic\/how-to-delete-cookie-files-in-internet-explorer-bca9446f-d873-78de-77ba-d42645fa52fc\" target=\"_blank\" rel=\"noopener\">https:\/\/support.microsoft.com\/en-us\/topic\/how-to-delete-cookie-files-in-internet-explorer-bca9446f-d873-78de-77ba-d42645fa52fc<\/a><\/p>\n<p>Listede olmayan bir web taray\u0131c\u0131s\u0131 kullan\u0131yorsan\u0131z, l\u00fctfen taray\u0131c\u0131n\u0131z\u0131n resmi destek d\u00f6k\u00fcmanlar\u0131na bak\u0131n\u0131z.<\/p>\n<\/div>\n<\/div><\/div><div class=\"w-separator size_medium\"><\/div><div class=\"wpb_text_column\"><div class=\"wpb_wrapper\"><p>Son G\u00fcncelleme: 05-\u015eubat-2024<br \/>\nY\u00fcr\u00fcrl\u00fck Tarihi: 05-Feb-2024<\/p>\n<\/div><\/div><\/div><\/div><\/div><\/div><\/section><section class=\"l-section wpb_row height_small\"><div class=\"l-section-h i-cf\"><div class=\"g-cols vc_row via_grid cols_1 laptops-cols_inherit tablets-cols_inherit mobiles-cols_1 valign_top type_default stacking_default\"><div class=\"wpb_column vc_column_container\"><div class=\"vc_column-inner\"><div class=\"w-separator size_huge\"><\/div><\/div><\/div><\/div><\/div><\/section>\n","protected":false},"excerpt":{"rendered":"[vc_custom_heading text=\"\u00c7erez Politikam\u0131z\" font_container=\"tag:h1|text_align:left\" use_theme_fonts=\"yes\" el_class=\"regular-h1 make-left\"]Giri\u015fSayfalar\u00c7erezler nedir? Bu \u00c7erez Politikas\u0131, \u00e7erezlerin ne oldu\u011funu ve nas\u0131l kulland\u0131\u011f\u0131m\u0131z\u0131, kulland\u0131\u011f\u0131m\u0131z \u00e7erez t\u00fcrlerini (yani \u00e7erezler arac\u0131l\u0131\u011f\u0131yla toplad\u0131\u011f\u0131m\u0131z bilgiler ve bu bilgilerin nas\u0131l kullan\u0131ld\u0131\u011f\u0131) ve \u00e7erez ayarlar\u0131n\u0131 nas\u0131l y\u00f6netebilece\u011finizi a\u00e7\u0131klar.\u00c7erezler, k\u00fc\u00e7\u00fck bilgi par\u00e7alar\u0131n\u0131 depolamak i\u00e7in kullan\u0131lan k\u00fc\u00e7\u00fck metin dosyalar\u0131d\u0131r. Web sitesi taray\u0131c\u0131n\u0131za y\u00fcklendi\u011finde cihaz\u0131n\u0131za kaydedilirler. Bu \u00e7erezler, web sitesinin...","protected":false},"author":1,"featured_media":0,"parent":0,"menu_order":0,"comment_status":"closed","ping_status":"closed","template":"","meta":{"footnotes":""},"class_list":["post-3869","page","type-page","status-publish","hentry"],"yoast_head":"<!-- This site is optimized with the Yoast SEO plugin v26.6 - https:\/\/yoast.com\/wordpress\/plugins\/seo\/ -->\n<title>\u00c7erez Politikam\u0131z - Omer Istanbul<\/title>\n<meta name=\"robots\" content=\"noindex, follow, max-snippet:-1, max-image-preview:large, max-video-preview:-1\" \/>\n<meta property=\"og:locale\" content=\"tr_TR\" \/>\n<meta property=\"og:type\" content=\"article\" \/>\n<meta property=\"og:title\" content=\"\u00c7erez Politikam\u0131z - Omer Istanbul\" \/>\n<meta property=\"og:url\" content=\"https:\/\/oi.omerdental.com\/tr\/cerez-politikamiz\/\" \/>\n<meta property=\"og:site_name\" content=\"Omer Istanbul\" \/>\n<meta property=\"article:modified_time\" content=\"2025-12-23T08:24:31+00:00\" \/>\n<meta name=\"twitter:card\" content=\"summary_large_image\" \/>\n<meta name=\"twitter:label1\" content=\"Tahmini okuma s\u00fcresi\" \/>\n\t<meta name=\"twitter:data1\" content=\"2 dakika\" \/>\n<script type=\"application\/ld+json\" class=\"yoast-schema-graph\">{\"@context\":\"https:\/\/schema.org\",\"@graph\":[{\"@type\":\"WebPage\",\"@id\":\"https:\/\/oi.omerdental.com\/tr\/cerez-politikamiz\/\",\"url\":\"https:\/\/oi.omerdental.com\/tr\/cerez-politikamiz\/\",\"name\":\"\u00c7erez Politikam\u0131z - Omer Istanbul\",\"isPartOf\":{\"@id\":\"https:\/\/oi.omerdental.com\/tr\/#website\"},\"datePublished\":\"2025-12-05T08:39:04+00:00\",\"dateModified\":\"2025-12-23T08:24:31+00:00\",\"breadcrumb\":{\"@id\":\"https:\/\/oi.omerdental.com\/tr\/cerez-politikamiz\/#breadcrumb\"},\"inLanguage\":\"tr\",\"potentialAction\":[{\"@type\":\"ReadAction\",\"target\":[\"https:\/\/oi.omerdental.com\/tr\/cerez-politikamiz\/\"]}]},{\"@type\":\"BreadcrumbList\",\"@id\":\"https:\/\/oi.omerdental.com\/tr\/cerez-politikamiz\/#breadcrumb\",\"itemListElement\":[{\"@type\":\"ListItem\",\"position\":1,\"name\":\"Home\",\"item\":\"https:\/\/oi.omerdental.com\/tr\/\"},{\"@type\":\"ListItem\",\"position\":2,\"name\":\"\u00c7erez Politikam\u0131z\"}]},{\"@type\":\"WebSite\",\"@id\":\"https:\/\/oi.omerdental.com\/tr\/#website\",\"url\":\"https:\/\/oi.omerdental.com\/tr\/\",\"name\":\"Omer Istanbul\",\"description\":\"\",\"potentialAction\":[{\"@type\":\"SearchAction\",\"target\":{\"@type\":\"EntryPoint\",\"urlTemplate\":\"https:\/\/oi.omerdental.com\/tr\/?s={search_term_string}\"},\"query-input\":{\"@type\":\"PropertyValueSpecification\",\"valueRequired\":true,\"valueName\":\"search_term_string\"}}],\"inLanguage\":\"tr\"}]}<\/script>\n<!-- \/ Yoast SEO plugin. -->","yoast_head_json":{"title":"\u00c7erez Politikam\u0131z - Omer Istanbul","robots":{"index":"noindex","follow":"follow","max-snippet":"max-snippet:-1","max-image-preview":"max-image-preview:large","max-video-preview":"max-video-preview:-1"},"og_locale":"tr_TR","og_type":"article","og_title":"\u00c7erez Politikam\u0131z - Omer Istanbul","og_url":"https:\/\/oi.omerdental.com\/tr\/cerez-politikamiz\/","og_site_name":"Omer Istanbul","article_modified_time":"2025-12-23T08:24:31+00:00","twitter_card":"summary_large_image","twitter_misc":{"Tahmini okuma s\u00fcresi":"2 dakika"},"schema":{"@context":"https:\/\/schema.org","@graph":[{"@type":"WebPage","@id":"https:\/\/oi.omerdental.com\/tr\/cerez-politikamiz\/","url":"https:\/\/oi.omerdental.com\/tr\/cerez-politikamiz\/","name":"\u00c7erez Politikam\u0131z - Omer Istanbul","isPartOf":{"@id":"https:\/\/oi.omerdental.com\/tr\/#website"},"datePublished":"2025-12-05T08:39:04+00:00","dateModified":"2025-12-23T08:24:31+00:00","breadcrumb":{"@id":"https:\/\/oi.omerdental.com\/tr\/cerez-politikamiz\/#breadcrumb"},"inLanguage":"tr","potentialAction":[{"@type":"ReadAction","target":["https:\/\/oi.omerdental.com\/tr\/cerez-politikamiz\/"]}]},{"@type":"BreadcrumbList","@id":"https:\/\/oi.omerdental.com\/tr\/cerez-politikamiz\/#breadcrumb","itemListElement":[{"@type":"ListItem","position":1,"name":"Home","item":"https:\/\/oi.omerdental.com\/tr\/"},{"@type":"ListItem","position":2,"name":"\u00c7erez Politikam\u0131z"}]},{"@type":"WebSite","@id":"https:\/\/oi.omerdental.com\/tr\/#website","url":"https:\/\/oi.omerdental.com\/tr\/","name":"Omer Istanbul","description":"","potentialAction":[{"@type":"SearchAction","target":{"@type":"EntryPoint","urlTemplate":"https:\/\/oi.omerdental.com\/tr\/?s={search_term_string}"},"query-input":{"@type":"PropertyValueSpecification","valueRequired":true,"valueName":"search_term_string"}}],"inLanguage":"tr"}]}},"_links":{"self":[{"href":"https:\/\/oi.omerdental.com\/tr\/wp-json\/wp\/v2\/pages\/3869","targetHints":{"allow":["GET"]}}],"collection":[{"href":"https:\/\/oi.omerdental.com\/tr\/wp-json\/wp\/v2\/pages"}],"about":[{"href":"https:\/\/oi.omerdental.com\/tr\/wp-json\/wp\/v2\/types\/page"}],"author":[{"embeddable":true,"href":"https:\/\/oi.omerdental.com\/tr\/wp-json\/wp\/v2\/users\/1"}],"replies":[{"embeddable":true,"href":"https:\/\/oi.omerdental.com\/tr\/wp-json\/wp\/v2\/comments?post=3869"}],"version-history":[{"count":1,"href":"https:\/\/oi.omerdental.com\/tr\/wp-json\/wp\/v2\/pages\/3869\/revisions"}],"predecessor-version":[{"id":3870,"href":"https:\/\/oi.omerdental.com\/tr\/wp-json\/wp\/v2\/pages\/3869\/revisions\/3870"}],"wp:attachment":[{"href":"https:\/\/oi.omerdental.com\/tr\/wp-json\/wp\/v2\/media?parent=3869"}],"curies":[{"name":"wp","href":"https:\/\/api.w.org\/{rel}","templated":true}]}}