{"id":3860,"date":"2025-11-26T13:35:08","date_gmt":"2025-11-26T13:35:08","guid":{"rendered":"https:\/\/oi.omerdental.com\/blog\/"},"modified":"2025-12-23T07:45:00","modified_gmt":"2025-12-23T07:45:00","slug":"blog","status":"publish","type":"page","link":"https:\/\/oi.omerdental.com\/tr\/blog\/","title":{"rendered":"Blog"},"content":{"rendered":"<section class=\"l-section wpb_row us_custom_cd866175 has_text_color height_large\"><div class=\"l-section-h i-cf\"><div class=\"g-cols vc_row via_grid cols_1 laptops-cols_inherit tablets-cols_inherit mobiles-cols_1 valign_middle type_default stacking_default\"><div class=\"wpb_column vc_column_container\"><div class=\"vc_column-inner\"><div class=\"wpb_text_column us_custom_6df4bc3a has_text_color\"><div class=\"wpb_wrapper\"><h1 class=\"regular-h1 make-left\">Dental Blog<\/h1>\n<\/div><\/div><nav class=\"g-breadcrumbs us_custom_6df4bc3a has_text_color separator_icon align_none\" itemscope itemtype=\"http:\/\/schema.org\/BreadcrumbList\"><div class=\"g-breadcrumbs-item\" itemscope itemprop=\"itemListElement\" itemtype=\"http:\/\/schema.org\/ListItem\"><a itemprop=\"item\" href=\"https:\/\/oi.omerdental.com\/tr\/\"><span itemprop=\"name\">Giri\u015f<\/span><\/a><meta itemprop=\"position\" content=\"1\"\/><\/div><div class=\"g-breadcrumbs-separator\"><i class=\"far fa-angle-right\"><\/i><\/div><div class=\"g-breadcrumbs-item\">Sayfalar<\/div><\/nav><\/div><\/div><\/div><\/div><\/section><section class=\"l-section wpb_row height_small\"><div class=\"l-section-h i-cf\"><div class=\"g-cols vc_row via_grid cols_3-1 laptops-cols_inherit tablets-cols_inherit mobiles-cols_1 valign_top type_default stacking_default\"><div class=\"wpb_column vc_column_container\"><div class=\"vc_column-inner\"><div class=\"w-grid us_grid type_grid layout_3687 hidden cols_2 pagination_regular overflow_hidden preload_style_spinner with_css_animation\" id=\"us_grid_1\" style=\"--columns:2;--gap:10px;\" data-filterable=\"true\"><style>@media (max-width:600px){#us_grid_1{--columns:1!important}}.layout_3687 .w-grid-item-h{background:#333;border-radius:0.3rem;box-shadow:0 0.03rem 0.06rem rgba(0,0,0,0.1),0 0.1rem 0.3rem rgba(0,0,0,0.1);transition-duration:0.3s}.no-touch .layout_3687 .w-grid-item-h:hover{box-shadow:0 0.12rem 0.24rem rgba(0,0,0,0.1),0 0.4rem 1.2rem rgba(0,0,0,0.15);z-index:4}.layout_3687 .usg_post_image_1{transition-duration:0.3s;transform-origin:50% 50%;transform:scale(1) translate(0%,0%)}.layout_3687 .w-grid-item-h:focus-within .usg_post_image_1,.layout_3687 .w-grid-item-h:hover .usg_post_image_1{transform:scale(1.1) translate(0%,0%);opacity:1}.layout_3687 .usg_vwrapper_1{transition-duration:0.3s;transform-origin:50% 50%;transform:scale(1) translate(0%,0%)}.layout_3687 .w-grid-item-h:focus-within .usg_vwrapper_1,.layout_3687 .w-grid-item-h:hover .usg_vwrapper_1{transform:scale(1) translate(0%,0%);opacity:1}.layout_3687 .usg_vwrapper_1{position:absolute!important;left:0!important;bottom:0!important;right:0!important;background:linear-gradient(transparent,rgba(30,30,30,0.8))!important;padding:15% 7% 7% 7%!important}.layout_3687 .usg_post_taxonomy_1{font-size:10px!important;font-weight:700!important;text-transform:uppercase!important;margin-bottom:0.5rem!important}.layout_3687 .usg_post_title_1{color:#ffffff!important;font-size:1.4rem!important;font-weight:700!important}@media (max-width:600px){.layout_3687 .usg_post_title_1{font-size:1.2rem!important}}<\/style><div class=\"w-grid-list\"><\/div>\t<div class=\"w-grid-preloader\">\r\n\t\t<div class=\"g-preloader type_1\">\r\n\t\t\t<div><\/div>\r\n\t\t<\/div>\r\n\t<\/div>\r\n\t\t<div class=\"w-grid-json hidden\" onclick='return {&quot;action&quot;:&quot;us_ajax_grid&quot;,&quot;infinite_scroll&quot;:0,&quot;max_num_pages&quot;:0,&quot;pagination&quot;:&quot;regular&quot;,&quot;template_vars&quot;:{&quot;columns&quot;:&quot;2&quot;,&quot;exclude_items&quot;:&quot;none&quot;,&quot;img_size&quot;:&quot;default&quot;,&quot;ignore_items_size&quot;:0,&quot;items_layout&quot;:&quot;3687&quot;,&quot;items_offset&quot;:&quot;1&quot;,&quot;load_animation&quot;:&quot;fade&quot;,&quot;overriding_link&quot;:&quot;%7B%22url%22%3A%22%22%7D&quot;,&quot;post_id&quot;:0,&quot;query_args&quot;:{&quot;post_type&quot;:[&quot;post&quot;],&quot;tax_query&quot;:[{&quot;taxonomy&quot;:&quot;category&quot;,&quot;field&quot;:&quot;slug&quot;,&quot;terms&quot;:[&quot;dental-implants&quot;]}],&quot;post_status&quot;:[&quot;publish&quot;],&quot;posts_per_page&quot;:&quot;10&quot;},&quot;orderby_query_args&quot;:{&quot;orderby&quot;:{&quot;date&quot;:&quot;DESC&quot;}},&quot;type&quot;:&quot;grid&quot;,&quot;us_grid_post_type&quot;:&quot;post&quot;,&quot;us_grid_ajax_index&quot;:1,&quot;us_grid_filter_query_string&quot;:null,&quot;us_grid_index&quot;:1,&quot;page_args&quot;:[],&quot;lang&quot;:&quot;tr&quot;}}'><\/div>\r\n\t<\/div><div class=\"w-grid-none type_message\">Herhangi bir sonu\u00e7 bulunamad\u0131.<\/div><\/div><\/div><div class=\"wpb_column vc_column_container type_sticky\"><div class=\"vc_column-inner\"><div class=\"w-separator size_small\"><\/div>[vc_wp_categories el_class=&#8221;sidebar-categories-widget&#8221;]<div class=\"w-separator size_small\"><\/div><\/div><\/div><\/div><\/div><\/section><section class=\"l-section wpb_row us_custom_558a9a64 height_medium full_height valign_center with_img\"><div class=\"l-section-img\" role=\"img\" aria-label=\"G\u00f6rsel\" data-img-width=\"\" data-img-height=\"\" style=\"background-image: url(https:\/\/oi.omerdental.com\/wp-content\/uploads\/2025\/11\/plus-bg.svg);background-repeat: no-repeat;\"><\/div><div class=\"l-section-h i-cf\"><div class=\"g-cols vc_row via_grid cols_1 laptops-cols_inherit tablets-cols_inherit mobiles-cols_1 valign_top type_default stacking_default\"><div class=\"wpb_column vc_column_container\"><div class=\"vc_column-inner\"><div class=\"g-cols wpb_row us_custom_8071a382 via_grid cols_1 laptops-cols_inherit tablets-cols_inherit mobiles-cols_1 valign_top type_default stacking_default\" style=\"--columns-gap:3rem;\"><div class=\"wpb_column vc_column_container\"><div class=\"vc_column-inner\"><div class=\"w-separator hide_on_default hide_on_laptops hide_on_tablets size_small\"><\/div><div class=\"wpb_text_column us_custom_c987b129 has_text_color\"><div class=\"wpb_wrapper\"><p>Hemen Size \u00d6zel Fiyatl\u0131<br \/>\n\u00dccretsiz Tedavi Plan\u0131n\u0131z\u0131 Talep Edin!<\/p>\n<\/div><\/div><div class=\"w-separator size_small\"><\/div><div class=\"wpb_text_column us_custom_eb849559\"><div class=\"wpb_wrapper\"><p>Uzman hasta temsilcilerimiz tedavi s\u00fcrecinizi ba\u015ftan sona \u00fccretsiz \u015fekilde planlamak ve sizi daha yak\u0131ndan tan\u0131mak i\u00e7in sab\u0131rs\u0131zlan\u0131yor.<\/p>\n<\/div><\/div><div class=\"w-separator size_medium\"><\/div><div class=\"wpb_text_column\"><div class=\"wpb_wrapper\"><p><a href=\"tel:+905465249530\"><img loading=\"lazy\" decoding=\"async\" class=\"wp-image-470 aligncenter\" src=\"\/wp-content\/uploads\/2025\/12\/phone-30-1.svg\" alt=\"Telefon\" width=\"339\" height=\"71\" \/><\/a><\/p>\n<\/div><\/div><div class=\"w-separator hide_on_default size_large\"><\/div><\/div><\/div><\/div><div class=\"g-cols wpb_row us_custom_600a2038 via_grid cols_2 laptops-cols_inherit tablets-cols_inherit mobiles-cols_1 valign_middle type_default stacking_default\" style=\"--columns-gap:0rem;\"><div class=\"wpb_column vc_column_container\"><div class=\"vc_column-inner\"><div class=\"w-image image-custom-hm align_none\"><div class=\"w-image-h\"><img decoding=\"async\" width=\"745\" height=\"745\" src=\"https:\/\/oi.omerdental.com\/wp-content\/uploads\/2025\/11\/call-back-omeristanbul.webp\" class=\"attachment-full size-full\" alt=\"\" loading=\"lazy\" srcset=\"https:\/\/oi.omerdental.com\/wp-content\/uploads\/2025\/11\/call-back-omeristanbul.webp 745w, https:\/\/oi.omerdental.com\/wp-content\/uploads\/2025\/11\/call-back-omeristanbul-300x300.webp 300w, https:\/\/oi.omerdental.com\/wp-content\/uploads\/2025\/11\/call-back-omeristanbul-150x150.webp 150w, https:\/\/oi.omerdental.com\/wp-content\/uploads\/2025\/11\/call-back-omeristanbul-96x96.webp 96w\" sizes=\"auto, (max-width: 745px) 100vw, 745px\" \/><\/div><\/div><\/div><\/div><div class=\"wpb_column vc_column_container us_custom_34f6ec88\"><div class=\"vc_column-inner\"><div class=\"w-separator size_medium\"><\/div><div class=\"wpb_text_column us_custom_ac8efd25 has_text_color\"><div class=\"wpb_wrapper\"><h2><strong><span style=\"color: #1251a3;\">Sizi Arayal\u0131m<\/span><\/strong><\/h2>\n<\/div><\/div><div class=\"w-separator hide_on_tablets hide_on_mobiles size_small\"><\/div><div class=\"wpb_text_column us_custom_c5b6fea5\"><div class=\"wpb_wrapper\"><p>Sizi Arayal\u0131m Formu\u2018nu doldurarak muhte\u015fem bir g\u00fcl\u00fc\u015fe ilk ad\u0131m\u0131n\u0131z\u0131 atabilirsiniz. Sa\u011fl\u0131k dan\u0131\u015fmanlar\u0131m\u0131z size en k\u0131sa s\u00fcrede ula\u015facak.<\/p>\n<\/div><\/div>\n<div class=\"wpcf7 no-js\" id=\"wpcf7-f3816-o1\" lang=\"tr-TR\" dir=\"ltr\" data-wpcf7-id=\"3816\">\n<div class=\"screen-reader-response\"><p role=\"status\" aria-live=\"polite\" aria-atomic=\"true\"><\/p> <ul><\/ul><\/div>\n<form action=\"\/tr\/wp-json\/wp\/v2\/pages\/3860#wpcf7-f3816-o1\" method=\"post\" class=\"wpcf7-form init\" aria-label=\"\u0130leti\u015fim Formu\" novalidate=\"novalidate\" data-status=\"init\">\n<fieldset class=\"hidden-fields-container\"><input type=\"hidden\" name=\"_wpcf7\" value=\"3816\" \/><input type=\"hidden\" name=\"_wpcf7_version\" value=\"6.1.4\" \/><input type=\"hidden\" name=\"_wpcf7_locale\" value=\"tr_TR\" \/><input type=\"hidden\" name=\"_wpcf7_unit_tag\" value=\"wpcf7-f3816-o1\" \/><input type=\"hidden\" name=\"_wpcf7_container_post\" value=\"0\" \/><input type=\"hidden\" name=\"_wpcf7_posted_data_hash\" value=\"\" \/>\n<\/fieldset>\n<p><label><span class=\"wpcf7-form-control-wrap\" data-name=\"your-name\"><input size=\"40\" maxlength=\"400\" class=\"wpcf7-form-control wpcf7-text wpcf7-validates-as-required\" autocomplete=\"name\" aria-required=\"true\" aria-invalid=\"false\" placeholder=\"Ad\u0131n\u0131z*\" value=\"\" type=\"text\" name=\"your-name\" \/><\/span> <\/label><label><span class=\"wpcf7-form-control-wrap\" data-name=\"intl_tel-323\"><input size=\"40\" class=\"wpcf7-form-control wpcf7-phonetext wpcf7-validates-as-required wpcf7-text wpcf7-validates-as-phonetext\" aria-required=\"true\" aria-invalid=\"false\" value=\"+90\" type=\"text\" name=\"intl_tel-323\" \/><input type=\"hidden\" name=\"intl_tel-323-country-code\" class=\"wpcf7-phonetext-country-code\" \/><\/span><\/label><br \/>\n<input class=\"wpcf7-form-control wpcf7-submit has-spinner\" type=\"submit\" value=\"G\u00d6NDER\" \/>\n<\/p><div class=\"wpcf7-response-output\" aria-hidden=\"true\"><\/div>\n<\/form>\n<\/div>\n<\/div><\/div><\/div><\/div><\/div><\/div><\/div><\/section>\n\n","protected":false},"excerpt":{"rendered":"Dental Blog Giri\u015fSayfalar Herhangi bir sonu\u00e7 bulunamad\u0131.[vc_wp_categories el_class=\"sidebar-categories-widget\"]Hemen Size \u00d6zel Fiyatl\u0131 \u00dccretsiz Tedavi Plan\u0131n\u0131z\u0131 Talep Edin! Uzman hasta temsilcilerimiz tedavi s\u00fcrecinizi ba\u015ftan sona \u00fccretsiz \u015fekilde planlamak ve sizi daha yak\u0131ndan tan\u0131mak i\u00e7in sab\u0131rs\u0131zlan\u0131yor. Sizi Arayal\u0131m Sizi Arayal\u0131m Formu\u2018nu doldurarak muhte\u015fem bir g\u00fcl\u00fc\u015fe ilk ad\u0131m\u0131n\u0131z\u0131 atabilirsiniz. Sa\u011fl\u0131k dan\u0131\u015fmanlar\u0131m\u0131z size en k\u0131sa s\u00fcrede ula\u015facak.","protected":false},"author":1,"featured_media":3861,"parent":0,"menu_order":0,"comment_status":"closed","ping_status":"closed","template":"","meta":{"footnotes":""},"class_list":["post-3860","page","type-page","status-publish","has-post-thumbnail","hentry"],"yoast_head":"<!-- This site is optimized with the Yoast SEO plugin v26.6 - https:\/\/yoast.com\/wordpress\/plugins\/seo\/ -->\n<title>Blog: Di\u015f Esteti\u011fi ve Di\u015f Sa\u011fl\u0131\u011f\u0131 ile \u0130lgili G\u00fcncel Yaz\u0131lar - [2026 ]<\/title>\n<meta name=\"description\" content=\"Blog sayfam\u0131zda di\u015f esteti\u011fi ve di\u015f sa\u011fl\u0131\u011f\u0131 ile ilgili g\u00fcncel yaz\u0131lara g\u00f6z at\u0131n. A\u011f\u0131z ve di\u015f konular\u0131nda bilgi edinin.\" \/>\n<meta name=\"robots\" content=\"noindex, follow, max-snippet:-1, max-image-preview:large, max-video-preview:-1\" \/>\n<meta property=\"og:locale\" content=\"tr_TR\" \/>\n<meta property=\"og:type\" content=\"article\" \/>\n<meta property=\"og:title\" content=\"Blog: Di\u015f Esteti\u011fi ve Di\u015f Sa\u011fl\u0131\u011f\u0131 ile \u0130lgili G\u00fcncel Yaz\u0131lar - [2026 ]\" \/>\n<meta property=\"og:description\" content=\"Blog sayfam\u0131zda di\u015f esteti\u011fi ve di\u015f sa\u011fl\u0131\u011f\u0131 ile ilgili g\u00fcncel yaz\u0131lara g\u00f6z at\u0131n. A\u011f\u0131z ve di\u015f konular\u0131nda bilgi edinin.\" \/>\n<meta property=\"og:url\" content=\"https:\/\/oi.omerdental.com\/tr\/blog\/\" \/>\n<meta property=\"og:site_name\" content=\"Omer Istanbul\" \/>\n<meta property=\"article:modified_time\" content=\"2025-12-23T07:45:00+00:00\" \/>\n<meta property=\"og:image\" content=\"https:\/\/oi.omerdental.com\/wp-content\/uploads\/2025\/12\/teeth-whitening-procedure2-2-1.webp\" \/>\n\t<meta property=\"og:image:width\" content=\"500\" \/>\n\t<meta property=\"og:image:height\" content=\"500\" \/>\n\t<meta property=\"og:image:type\" content=\"image\/webp\" \/>\n<meta name=\"twitter:card\" content=\"summary_large_image\" \/>\n<meta name=\"twitter:label1\" content=\"Tahmini okuma s\u00fcresi\" \/>\n\t<meta name=\"twitter:data1\" content=\"1 dakika\" \/>\n<script type=\"application\/ld+json\" class=\"yoast-schema-graph\">{\"@context\":\"https:\/\/schema.org\",\"@graph\":[{\"@type\":\"WebPage\",\"@id\":\"https:\/\/oi.omerdental.com\/tr\/blog\/\",\"url\":\"https:\/\/oi.omerdental.com\/tr\/blog\/\",\"name\":\"Blog: Di\u015f Esteti\u011fi ve Di\u015f Sa\u011fl\u0131\u011f\u0131 ile \u0130lgili G\u00fcncel Yaz\u0131lar - [2026 ]\",\"isPartOf\":{\"@id\":\"https:\/\/oi.omerdental.com\/tr\/#website\"},\"primaryImageOfPage\":{\"@id\":\"https:\/\/oi.omerdental.com\/tr\/blog\/#primaryimage\"},\"image\":{\"@id\":\"https:\/\/oi.omerdental.com\/tr\/blog\/#primaryimage\"},\"thumbnailUrl\":\"https:\/\/oi.omerdental.com\/wp-content\/uploads\/2025\/12\/teeth-whitening-procedure2-2-1.webp\",\"datePublished\":\"2025-11-26T13:35:08+00:00\",\"dateModified\":\"2025-12-23T07:45:00+00:00\",\"description\":\"Blog sayfam\u0131zda di\u015f esteti\u011fi ve di\u015f sa\u011fl\u0131\u011f\u0131 ile ilgili g\u00fcncel yaz\u0131lara g\u00f6z at\u0131n. A\u011f\u0131z ve di\u015f konular\u0131nda bilgi edinin.\",\"breadcrumb\":{\"@id\":\"https:\/\/oi.omerdental.com\/tr\/blog\/#breadcrumb\"},\"inLanguage\":\"tr\",\"potentialAction\":[{\"@type\":\"ReadAction\",\"target\":[\"https:\/\/oi.omerdental.com\/tr\/blog\/\"]}]},{\"@type\":\"ImageObject\",\"inLanguage\":\"tr\",\"@id\":\"https:\/\/oi.omerdental.com\/tr\/blog\/#primaryimage\",\"url\":\"https:\/\/oi.omerdental.com\/wp-content\/uploads\/2025\/12\/teeth-whitening-procedure2-2-1.webp\",\"contentUrl\":\"https:\/\/oi.omerdental.com\/wp-content\/uploads\/2025\/12\/teeth-whitening-procedure2-2-1.webp\",\"width\":500,\"height\":500},{\"@type\":\"BreadcrumbList\",\"@id\":\"https:\/\/oi.omerdental.com\/tr\/blog\/#breadcrumb\",\"itemListElement\":[{\"@type\":\"ListItem\",\"position\":1,\"name\":\"Home\",\"item\":\"https:\/\/oi.omerdental.com\/tr\/\"},{\"@type\":\"ListItem\",\"position\":2,\"name\":\"Blog\"}]},{\"@type\":\"WebSite\",\"@id\":\"https:\/\/oi.omerdental.com\/tr\/#website\",\"url\":\"https:\/\/oi.omerdental.com\/tr\/\",\"name\":\"Omer Istanbul\",\"description\":\"\",\"potentialAction\":[{\"@type\":\"SearchAction\",\"target\":{\"@type\":\"EntryPoint\",\"urlTemplate\":\"https:\/\/oi.omerdental.com\/tr\/?s={search_term_string}\"},\"query-input\":{\"@type\":\"PropertyValueSpecification\",\"valueRequired\":true,\"valueName\":\"search_term_string\"}}],\"inLanguage\":\"tr\"}]}<\/script>\n<!-- \/ Yoast SEO plugin. -->","yoast_head_json":{"title":"Blog: Di\u015f Esteti\u011fi ve Di\u015f Sa\u011fl\u0131\u011f\u0131 ile \u0130lgili G\u00fcncel Yaz\u0131lar - [2026 ]","description":"Blog sayfam\u0131zda di\u015f esteti\u011fi ve di\u015f sa\u011fl\u0131\u011f\u0131 ile ilgili g\u00fcncel yaz\u0131lara g\u00f6z at\u0131n. A\u011f\u0131z ve di\u015f konular\u0131nda bilgi edinin.","robots":{"index":"noindex","follow":"follow","max-snippet":"max-snippet:-1","max-image-preview":"max-image-preview:large","max-video-preview":"max-video-preview:-1"},"og_locale":"tr_TR","og_type":"article","og_title":"Blog: Di\u015f Esteti\u011fi ve Di\u015f Sa\u011fl\u0131\u011f\u0131 ile \u0130lgili G\u00fcncel Yaz\u0131lar - [2026 ]","og_description":"Blog sayfam\u0131zda di\u015f esteti\u011fi ve di\u015f sa\u011fl\u0131\u011f\u0131 ile ilgili g\u00fcncel yaz\u0131lara g\u00f6z at\u0131n. A\u011f\u0131z ve di\u015f konular\u0131nda bilgi edinin.","og_url":"https:\/\/oi.omerdental.com\/tr\/blog\/","og_site_name":"Omer Istanbul","article_modified_time":"2025-12-23T07:45:00+00:00","og_image":[{"width":500,"height":500,"url":"https:\/\/oi.omerdental.com\/wp-content\/uploads\/2025\/12\/teeth-whitening-procedure2-2-1.webp","type":"image\/webp"}],"twitter_card":"summary_large_image","twitter_misc":{"Tahmini okuma s\u00fcresi":"1 dakika"},"schema":{"@context":"https:\/\/schema.org","@graph":[{"@type":"WebPage","@id":"https:\/\/oi.omerdental.com\/tr\/blog\/","url":"https:\/\/oi.omerdental.com\/tr\/blog\/","name":"Blog: Di\u015f Esteti\u011fi ve Di\u015f Sa\u011fl\u0131\u011f\u0131 ile \u0130lgili G\u00fcncel Yaz\u0131lar - [2026 ]","isPartOf":{"@id":"https:\/\/oi.omerdental.com\/tr\/#website"},"primaryImageOfPage":{"@id":"https:\/\/oi.omerdental.com\/tr\/blog\/#primaryimage"},"image":{"@id":"https:\/\/oi.omerdental.com\/tr\/blog\/#primaryimage"},"thumbnailUrl":"https:\/\/oi.omerdental.com\/wp-content\/uploads\/2025\/12\/teeth-whitening-procedure2-2-1.webp","datePublished":"2025-11-26T13:35:08+00:00","dateModified":"2025-12-23T07:45:00+00:00","description":"Blog sayfam\u0131zda di\u015f esteti\u011fi ve di\u015f sa\u011fl\u0131\u011f\u0131 ile ilgili g\u00fcncel yaz\u0131lara g\u00f6z at\u0131n. A\u011f\u0131z ve di\u015f konular\u0131nda bilgi edinin.","breadcrumb":{"@id":"https:\/\/oi.omerdental.com\/tr\/blog\/#breadcrumb"},"inLanguage":"tr","potentialAction":[{"@type":"ReadAction","target":["https:\/\/oi.omerdental.com\/tr\/blog\/"]}]},{"@type":"ImageObject","inLanguage":"tr","@id":"https:\/\/oi.omerdental.com\/tr\/blog\/#primaryimage","url":"https:\/\/oi.omerdental.com\/wp-content\/uploads\/2025\/12\/teeth-whitening-procedure2-2-1.webp","contentUrl":"https:\/\/oi.omerdental.com\/wp-content\/uploads\/2025\/12\/teeth-whitening-procedure2-2-1.webp","width":500,"height":500},{"@type":"BreadcrumbList","@id":"https:\/\/oi.omerdental.com\/tr\/blog\/#breadcrumb","itemListElement":[{"@type":"ListItem","position":1,"name":"Home","item":"https:\/\/oi.omerdental.com\/tr\/"},{"@type":"ListItem","position":2,"name":"Blog"}]},{"@type":"WebSite","@id":"https:\/\/oi.omerdental.com\/tr\/#website","url":"https:\/\/oi.omerdental.com\/tr\/","name":"Omer Istanbul","description":"","potentialAction":[{"@type":"SearchAction","target":{"@type":"EntryPoint","urlTemplate":"https:\/\/oi.omerdental.com\/tr\/?s={search_term_string}"},"query-input":{"@type":"PropertyValueSpecification","valueRequired":true,"valueName":"search_term_string"}}],"inLanguage":"tr"}]}},"_links":{"self":[{"href":"https:\/\/oi.omerdental.com\/tr\/wp-json\/wp\/v2\/pages\/3860","targetHints":{"allow":["GET"]}}],"collection":[{"href":"https:\/\/oi.omerdental.com\/tr\/wp-json\/wp\/v2\/pages"}],"about":[{"href":"https:\/\/oi.omerdental.com\/tr\/wp-json\/wp\/v2\/types\/page"}],"author":[{"embeddable":true,"href":"https:\/\/oi.omerdental.com\/tr\/wp-json\/wp\/v2\/users\/1"}],"replies":[{"embeddable":true,"href":"https:\/\/oi.omerdental.com\/tr\/wp-json\/wp\/v2\/comments?post=3860"}],"version-history":[{"count":1,"href":"https:\/\/oi.omerdental.com\/tr\/wp-json\/wp\/v2\/pages\/3860\/revisions"}],"predecessor-version":[{"id":3862,"href":"https:\/\/oi.omerdental.com\/tr\/wp-json\/wp\/v2\/pages\/3860\/revisions\/3862"}],"wp:featuredmedia":[{"embeddable":true,"href":"https:\/\/oi.omerdental.com\/tr\/wp-json\/wp\/v2\/media\/3861"}],"wp:attachment":[{"href":"https:\/\/oi.omerdental.com\/tr\/wp-json\/wp\/v2\/media?parent=3860"}],"curies":[{"name":"wp","href":"https:\/\/api.w.org\/{rel}","templated":true}]}}