{"id":4301,"date":"2025-11-26T13:30:45","date_gmt":"2025-11-26T13:30:45","guid":{"rendered":"https:\/\/oi.omerdental.com\/?page_id=4301"},"modified":"2025-12-24T13:25:03","modified_gmt":"2025-12-24T13:25:03","slug":"behandlungen","status":"publish","type":"page","link":"https:\/\/oi.omerdental.com\/de\/behandlungen\/","title":{"rendered":"Behandlungen"},"content":{"rendered":"<section class=\"l-section wpb_row us_custom_92d565f4 has_text_color height_large\"><div class=\"l-section-h i-cf\"><div class=\"g-cols vc_row via_grid cols_1 laptops-cols_inherit tablets-cols_inherit mobiles-cols_1 valign_middle type_default stacking_default\"><div class=\"wpb_column vc_column_container\"><div class=\"vc_column-inner\">[vc_custom_heading text=&#8220;Behandlungen&#8220; font_container=&#8220;tag:h1|text_align:left&#8220; use_theme_fonts=&#8220;yes&#8220; el_class=&#8220;regular-h1&#8243; css=&#8220;%7B%22default%22%3A%7B%22margin-bottom%22%3A%220.625rem%22%7D%7D&#8220;]<div class=\"wpb_text_column us_custom_eecd5a9b\"><div class=\"wpb_wrapper\"><p><span>Unsere hochmoderne Klinik, in der erfahrene Zahn\u00e4rzte und Zahn\u00e4rztinnen arbeiten, bietet ein umfassendes Angebot an kosmetischen und restaurativen Zahnbehandlungen, die Ihnen zu einem strahlenden L\u00e4cheln verhelfen.<\/span><\/p>\n<\/div><\/div><div class=\"w-separator size_small\"><\/div><nav class=\"g-breadcrumbs us_custom_e97771c2 has_text_color separator_icon align_none\" itemscope itemtype=\"http:\/\/schema.org\/BreadcrumbList\"><div class=\"g-breadcrumbs-item\" itemscope itemprop=\"itemListElement\" itemtype=\"http:\/\/schema.org\/ListItem\"><a itemprop=\"item\" href=\"https:\/\/oi.omerdental.com\/de\/\"><span itemprop=\"name\">Startseite<\/span><\/a><meta itemprop=\"position\" content=\"1\"\/><\/div><div class=\"g-breadcrumbs-separator\"><i class=\"far fa-angle-right\"><\/i><\/div><div class=\"g-breadcrumbs-item\">Seiten<\/div><\/nav><\/div><\/div><\/div><\/div><\/section><section class=\"l-section wpb_row height_small\"><div class=\"l-section-h i-cf\"><div class=\"g-cols vc_row via_grid cols_1 laptops-cols_inherit tablets-cols_inherit mobiles-cols_1 valign_top type_default stacking_default\"><div class=\"wpb_column vc_column_container\"><div class=\"vc_column-inner\"><div class=\"w-grid us_grid type_grid layout_38 cols_3 overflow_hidden preload_style_spinner\" id=\"us_grid_1\" style=\"--columns:3;--gap:10px;\"><style>@media (max-width:900px){#us_grid_1{--columns:2!important}}@media (max-width:600px){#us_grid_1{--columns:1!important}}.layout_38 .w-grid-item-h{}.layout_38 .usg_vwrapper_1{transition-duration:0.3s;transform-origin:50% 50%;transform:scale(1.1) translate(0%,0%)}.layout_38 .w-grid-item-h:focus-within .usg_vwrapper_1,.layout_38 .w-grid-item-h:hover .usg_vwrapper_1{transform:scale(1.1) translate(0%,0%);opacity:1}.layout_38 .usg_post_image_2{transition-duration:0.3s;transform-origin:50% 50%;transform:scale(1) translate(0%,0%)}.layout_38 .w-grid-item-h:focus-within .usg_post_image_2,.layout_38 .w-grid-item-h:hover .usg_post_image_2{transform:scale(1.1) translate(0%,0%);opacity:1}.layout_38 .usg_vwrapper_1{position:absolute!important;left:0!important;bottom:0!important;right:0!important;padding:5rem 8% 1.5rem 8%!important}.layout_38 .usg_post_title_1{color:#ffffff!important;font-size:1.2rem!important;font-weight:700!important;margin-bottom:0.3rem!important}<\/style><div class=\"w-grid-list\">\t<article class=\"w-grid-item size_1x1 post-4304 page type-page status-publish has-post-thumbnail hentry\" data-id=\"4304\">\r\n\t\t<div class=\"w-grid-item-h\">\r\n\t\t\t\t\t\t<div class=\"w-post-elm post_image usg_post_image_2 stretched\"><a href=\"https:\/\/oi.omerdental.com\/de\/behandlungen\/all-on-4-6-zahnimplantate\/\" aria-label=\"All-on-4\/6-Zahnimplantate\"><img loading=\"lazy\" decoding=\"async\" width=\"400\" height=\"400\" src=\"https:\/\/oi.omerdental.com\/wp-content\/uploads\/2025\/11\/pateint-coverall-on-4-1.webp\" class=\"attachment-large size-large wp-post-image\" alt=\"\" srcset=\"https:\/\/oi.omerdental.com\/wp-content\/uploads\/2025\/11\/pateint-coverall-on-4-1.webp 400w, https:\/\/oi.omerdental.com\/wp-content\/uploads\/2025\/11\/pateint-coverall-on-4-1-300x300.webp 300w, https:\/\/oi.omerdental.com\/wp-content\/uploads\/2025\/11\/pateint-coverall-on-4-1-150x150.webp 150w, https:\/\/oi.omerdental.com\/wp-content\/uploads\/2025\/11\/pateint-coverall-on-4-1-96x96.webp 96w\" sizes=\"auto, (max-width: 400px) 100vw, 400px\" \/><\/a><\/div><div class=\"w-vwrapper usg_vwrapper_1 align_none valign_bottom\"><h3 class=\"w-post-elm post_title usg_post_title_1 has_text_color align_center entry-title color_link_inherit\"><a href=\"https:\/\/oi.omerdental.com\/de\/behandlungen\/all-on-4-6-zahnimplantate\/\">All-on-4\/6-Zahnimplantate<\/a><\/h3><\/div>\t\t<\/div>\r\n\t\t\t<\/article>\r\n<\/div>\t<div class=\"w-grid-preloader\">\r\n\t\t<div class=\"g-preloader type_1\">\r\n\t\t\t<div><\/div>\r\n\t\t<\/div>\r\n\t<\/div>\r\n\t\t<div class=\"w-grid-json hidden\" onclick='return {&quot;action&quot;:&quot;us_ajax_grid&quot;,&quot;infinite_scroll&quot;:0,&quot;max_num_pages&quot;:1,&quot;pagination&quot;:&quot;none&quot;,&quot;template_vars&quot;:{&quot;columns&quot;:&quot;3&quot;,&quot;exclude_items&quot;:&quot;none&quot;,&quot;img_size&quot;:&quot;default&quot;,&quot;ignore_items_size&quot;:0,&quot;items_layout&quot;:&quot;38&quot;,&quot;items_offset&quot;:&quot;1&quot;,&quot;load_animation&quot;:&quot;none&quot;,&quot;overriding_link&quot;:&quot;%7B%22url%22%3A%22%22%7D&quot;,&quot;post_id&quot;:0,&quot;query_args&quot;:{&quot;ignore_sticky_posts&quot;:1,&quot;post_type&quot;:&quot;any&quot;,&quot;post__in&quot;:[&quot;3514&quot;,&quot;3447&quot;,&quot;3407&quot;,&quot;3494&quot;,&quot;3430&quot;,&quot;3480&quot;,&quot;3529&quot;,&quot;3464&quot;],&quot;posts_per_page&quot;:&quot;10&quot;},&quot;orderby_query_args&quot;:{&quot;orderby&quot;:{&quot;post__in&quot;:&quot;ASC&quot;},&quot;order&quot;:&quot;ASC&quot;},&quot;type&quot;:&quot;grid&quot;,&quot;us_grid_post_type&quot;:&quot;ids&quot;,&quot;us_grid_ajax_index&quot;:1,&quot;us_grid_filter_query_string&quot;:null,&quot;us_grid_index&quot;:1,&quot;page_args&quot;:[],&quot;lang&quot;:&quot;de&quot;}}'><\/div>\r\n\t<\/div><\/div><\/div><\/div><\/div><\/section><section class=\"l-section wpb_row height_small width_full\"><div class=\"l-section-h i-cf\"><div class=\"g-cols vc_row via_grid cols_1 laptops-cols_inherit tablets-cols_inherit mobiles-cols_1 valign_top type_default stacking_default\"><div class=\"wpb_column vc_column_container\"><div class=\"vc_column-inner\"><section class=\"l-section wpb_row us_custom_558a9a64 height_medium full_height valign_center with_img\"><div class=\"l-section-img\" role=\"img\" aria-label=\"Bild\" data-img-width=\"\" data-img-height=\"\" style=\"background-image: url(https:\/\/oi.omerdental.com\/wp-content\/uploads\/2025\/11\/plus-bg.svg);background-repeat: no-repeat;\"><\/div><div class=\"l-section-h i-cf\"><div class=\"g-cols vc_row via_grid cols_1 laptops-cols_inherit tablets-cols_inherit mobiles-cols_1 valign_top type_default stacking_default\"><div class=\"wpb_column vc_column_container\"><div class=\"vc_column-inner\"><div class=\"g-cols wpb_row us_custom_8071a382 via_grid cols_1 laptops-cols_inherit tablets-cols_inherit mobiles-cols_1 valign_top type_default stacking_default\" style=\"--columns-gap:3rem;\"><div class=\"wpb_column vc_column_container\"><div class=\"vc_column-inner\"><div class=\"w-separator hide_on_default hide_on_laptops hide_on_tablets size_small\"><\/div><div class=\"wpb_text_column us_custom_c987b129 has_text_color\"><div class=\"wpb_wrapper\"><p>Fordern Sie jetzt Ihren exklusiven kostenlosen Behandlungsplan an!<\/p>\n<\/div><\/div><div class=\"w-separator size_small\"><\/div><div class=\"wpb_text_column us_custom_eb849559\"><div class=\"wpb_wrapper\"><p>Unsere Patientenbetreuer werden auf Ihre Bed\u00fcrfnisse eingehen und mit unseren f\u00fchrenden Zahn\u00e4rzten einen individuellen zahnmedizinischen Behandlungsplan kostenlos erstellen.<\/p>\n<\/div><\/div><div class=\"w-separator size_medium\"><\/div><div class=\"wpb_text_column\"><div class=\"wpb_wrapper\"><p><a href=\"tel:+905465249530\"><img loading=\"lazy\" decoding=\"async\" class=\"wp-image-470 aligncenter\" src=\"\/wp-content\/uploads\/2025\/12\/phone-30-1.svg\" alt=\"Telefon\" width=\"339\" height=\"71\" \/><\/a><\/p>\n<\/div><\/div><div class=\"w-separator hide_on_default size_large\"><\/div><\/div><\/div><\/div><div class=\"g-cols wpb_row us_custom_600a2038 via_grid cols_2 laptops-cols_inherit tablets-cols_inherit mobiles-cols_1 valign_middle type_default stacking_default\" style=\"--columns-gap:0rem;\"><div class=\"wpb_column vc_column_container\"><div class=\"vc_column-inner\"><div class=\"w-image image-custom-hm align_none\"><div class=\"w-image-h\"><img decoding=\"async\" width=\"745\" height=\"745\" src=\"https:\/\/oi.omerdental.com\/wp-content\/uploads\/2025\/11\/call-back-omeristanbul.webp\" class=\"attachment-full size-full\" alt=\"\" loading=\"lazy\" srcset=\"https:\/\/oi.omerdental.com\/wp-content\/uploads\/2025\/11\/call-back-omeristanbul.webp 745w, https:\/\/oi.omerdental.com\/wp-content\/uploads\/2025\/11\/call-back-omeristanbul-300x300.webp 300w, https:\/\/oi.omerdental.com\/wp-content\/uploads\/2025\/11\/call-back-omeristanbul-150x150.webp 150w, https:\/\/oi.omerdental.com\/wp-content\/uploads\/2025\/11\/call-back-omeristanbul-96x96.webp 96w\" sizes=\"auto, (max-width: 745px) 100vw, 745px\" \/><\/div><\/div><\/div><\/div><div class=\"wpb_column vc_column_container us_custom_34f6ec88\"><div class=\"vc_column-inner\"><div class=\"w-separator size_medium\"><\/div><div class=\"wpb_text_column us_custom_440af792 has_text_color\"><div class=\"wpb_wrapper\"><p>Vereinbaren Sie einen Telefontermin<\/p>\n<\/div><\/div><div class=\"w-separator hide_on_tablets hide_on_mobiles size_small\"><\/div><div class=\"wpb_text_column us_custom_c5b6fea5\"><div class=\"wpb_wrapper\"><p>Beginnen Sie Ihre Reise zu einem sch\u00f6nen L\u00e4cheln, indem Sie das untenstehende Formular ausf\u00fcllen. Ihr pers\u00f6nlicher Patientenbetreuer wird sich in K\u00fcrze mit Ihnen in Verbindung setzen.<\/p>\n<\/div><\/div>\n<div class=\"wpcf7 no-js\" id=\"wpcf7-f4037-o1\" lang=\"de-DE\" dir=\"ltr\" data-wpcf7-id=\"4037\">\n<div class=\"screen-reader-response\"><p role=\"status\" aria-live=\"polite\" aria-atomic=\"true\"><\/p> <ul><\/ul><\/div>\n<form action=\"\/de\/wp-json\/wp\/v2\/pages\/4301#wpcf7-f4037-o1\" method=\"post\" class=\"wpcf7-form init\" aria-label=\"Kontaktformular\" novalidate=\"novalidate\" data-status=\"init\">\n<fieldset class=\"hidden-fields-container\"><input type=\"hidden\" name=\"_wpcf7\" value=\"4037\" \/><input type=\"hidden\" name=\"_wpcf7_version\" value=\"6.1.4\" \/><input type=\"hidden\" name=\"_wpcf7_locale\" value=\"de_DE\" \/><input type=\"hidden\" name=\"_wpcf7_unit_tag\" value=\"wpcf7-f4037-o1\" \/><input type=\"hidden\" name=\"_wpcf7_container_post\" value=\"0\" \/><input type=\"hidden\" name=\"_wpcf7_posted_data_hash\" value=\"\" \/>\n<\/fieldset>\n<p><label><span class=\"wpcf7-form-control-wrap\" data-name=\"your-name\"><input size=\"40\" maxlength=\"400\" class=\"wpcf7-form-control wpcf7-text wpcf7-validates-as-required\" autocomplete=\"name\" aria-required=\"true\" aria-invalid=\"false\" placeholder=\"Name*\" value=\"\" type=\"text\" name=\"your-name\" \/><\/span> <\/label><label><span class=\"wpcf7-form-control-wrap\" data-name=\"intl_tel-323\"><input size=\"40\" class=\"wpcf7-form-control wpcf7-phonetext wpcf7-validates-as-required wpcf7-text wpcf7-validates-as-phonetext\" aria-required=\"true\" aria-invalid=\"false\" value=\"+49\" type=\"text\" name=\"intl_tel-323\" \/><input type=\"hidden\" name=\"intl_tel-323-country-code\" class=\"wpcf7-phonetext-country-code\" \/><\/span><\/label><br \/>\n<input class=\"wpcf7-form-control wpcf7-submit has-spinner\" type=\"submit\" value=\"SENDEN\" \/>\n<\/p><div class=\"wpcf7-response-output\" aria-hidden=\"true\"><\/div>\n<\/form>\n<\/div>\n<\/div><\/div><\/div><\/div><\/div><\/div><\/div><\/section>\n<\/div><\/div><\/div><\/div><\/section>\n","protected":false},"excerpt":{"rendered":"[vc_custom_heading text=\"All-on-4\/6-Zahnimplantate\" font_container=\"tag:h1|text_align:left\" use_theme_fonts=\"yes\" el_class=\"regular-h1 make-left\"]All-on-4\/6-Zahnimplantate sind eine lebensver\u00e4ndernde L\u00f6sung bei vollst\u00e4ndigem oder teilweisem Zahnverlust. Sie bieten eine \u00fcberlegene Funktionalit\u00e4t, ein nat\u00fcrliches L\u00e4cheln und eine einfachere Handhabung als herk\u00f6mmlicher Zahnersatz. StartseiteSeiten[vc_custom_heading text=\"Die All-on-4\/6-Zahnimplantate verstehen\" use_theme_fonts=\"yes\" el_class=\"service-h2\"]All-on-4\/6-Zahnimplantate sind f\u00fcr diejenigen, die mit mehreren fehlenden Z\u00e4hnen zu k\u00e4mpfen haben, ein entscheidender Fortschritt. Im Gegensatz zu herk\u00f6mmlichen herausnehmbaren...","protected":false},"author":1,"featured_media":0,"parent":0,"menu_order":0,"comment_status":"closed","ping_status":"closed","template":"","meta":{"footnotes":""},"class_list":["post-4301","page","type-page","status-publish","hentry"],"yoast_head":"<!-- This site is optimized with the Yoast SEO plugin v26.6 - https:\/\/yoast.com\/wordpress\/plugins\/seo\/ -->\n<title>Behandlungen: \u00c4sthetische und restaurative Zahnmedizin bei Omer Istanbul<\/title>\n<meta name=\"description\" content=\"Entdecken Sie \u00e4sthetische und restaurative Zahnbehandlungen in unserer modernen Klinik f\u00fcr ein strahlendes L\u00e4cheln.\" \/>\n<meta name=\"robots\" content=\"noindex, follow, max-snippet:-1, max-image-preview:large, max-video-preview:-1\" \/>\n<meta property=\"og:locale\" content=\"de_DE\" \/>\n<meta property=\"og:type\" content=\"article\" \/>\n<meta property=\"og:title\" content=\"Behandlungen: \u00c4sthetische und restaurative Zahnmedizin bei Omer Istanbul\" \/>\n<meta property=\"og:description\" content=\"Entdecken Sie \u00e4sthetische und restaurative Zahnbehandlungen in unserer modernen Klinik f\u00fcr ein strahlendes L\u00e4cheln.\" \/>\n<meta property=\"og:url\" content=\"https:\/\/oi.omerdental.com\/de\/behandlungen\/\" \/>\n<meta property=\"og:site_name\" content=\"Omer Istanbul\" \/>\n<meta property=\"article:modified_time\" content=\"2025-12-24T13:25:03+00:00\" \/>\n<meta name=\"twitter:card\" content=\"summary_large_image\" \/>\n<meta name=\"twitter:label1\" content=\"Gesch\u00e4tzte Lesezeit\" \/>\n\t<meta name=\"twitter:data1\" content=\"1\u00a0Minute\" \/>\n<script type=\"application\/ld+json\" class=\"yoast-schema-graph\">{\"@context\":\"https:\/\/schema.org\",\"@graph\":[{\"@type\":\"WebPage\",\"@id\":\"https:\/\/oi.omerdental.com\/de\/behandlungen\/\",\"url\":\"https:\/\/oi.omerdental.com\/de\/behandlungen\/\",\"name\":\"Behandlungen: \u00c4sthetische und restaurative Zahnmedizin bei Omer Istanbul\",\"isPartOf\":{\"@id\":\"https:\/\/oi.omerdental.com\/de\/#website\"},\"datePublished\":\"2025-11-26T13:30:45+00:00\",\"dateModified\":\"2025-12-24T13:25:03+00:00\",\"description\":\"Entdecken Sie \u00e4sthetische und restaurative Zahnbehandlungen in unserer modernen Klinik f\u00fcr ein strahlendes L\u00e4cheln.\",\"breadcrumb\":{\"@id\":\"https:\/\/oi.omerdental.com\/de\/behandlungen\/#breadcrumb\"},\"inLanguage\":\"de\",\"potentialAction\":[{\"@type\":\"ReadAction\",\"target\":[\"https:\/\/oi.omerdental.com\/de\/behandlungen\/\"]}]},{\"@type\":\"BreadcrumbList\",\"@id\":\"https:\/\/oi.omerdental.com\/de\/behandlungen\/#breadcrumb\",\"itemListElement\":[{\"@type\":\"ListItem\",\"position\":1,\"name\":\"Home\",\"item\":\"https:\/\/oi.omerdental.com\/de\/\"},{\"@type\":\"ListItem\",\"position\":2,\"name\":\"Behandlungen\"}]},{\"@type\":\"WebSite\",\"@id\":\"https:\/\/oi.omerdental.com\/de\/#website\",\"url\":\"https:\/\/oi.omerdental.com\/de\/\",\"name\":\"Omer Istanbul\",\"description\":\"\",\"potentialAction\":[{\"@type\":\"SearchAction\",\"target\":{\"@type\":\"EntryPoint\",\"urlTemplate\":\"https:\/\/oi.omerdental.com\/de\/?s={search_term_string}\"},\"query-input\":{\"@type\":\"PropertyValueSpecification\",\"valueRequired\":true,\"valueName\":\"search_term_string\"}}],\"inLanguage\":\"de\"}]}<\/script>\n<!-- \/ Yoast SEO plugin. -->","yoast_head_json":{"title":"Behandlungen: \u00c4sthetische und restaurative Zahnmedizin bei Omer Istanbul","description":"Entdecken Sie \u00e4sthetische und restaurative Zahnbehandlungen in unserer modernen Klinik f\u00fcr ein strahlendes L\u00e4cheln.","robots":{"index":"noindex","follow":"follow","max-snippet":"max-snippet:-1","max-image-preview":"max-image-preview:large","max-video-preview":"max-video-preview:-1"},"og_locale":"de_DE","og_type":"article","og_title":"Behandlungen: \u00c4sthetische und restaurative Zahnmedizin bei Omer Istanbul","og_description":"Entdecken Sie \u00e4sthetische und restaurative Zahnbehandlungen in unserer modernen Klinik f\u00fcr ein strahlendes L\u00e4cheln.","og_url":"https:\/\/oi.omerdental.com\/de\/behandlungen\/","og_site_name":"Omer Istanbul","article_modified_time":"2025-12-24T13:25:03+00:00","twitter_card":"summary_large_image","twitter_misc":{"Gesch\u00e4tzte Lesezeit":"1\u00a0Minute"},"schema":{"@context":"https:\/\/schema.org","@graph":[{"@type":"WebPage","@id":"https:\/\/oi.omerdental.com\/de\/behandlungen\/","url":"https:\/\/oi.omerdental.com\/de\/behandlungen\/","name":"Behandlungen: \u00c4sthetische und restaurative Zahnmedizin bei Omer Istanbul","isPartOf":{"@id":"https:\/\/oi.omerdental.com\/de\/#website"},"datePublished":"2025-11-26T13:30:45+00:00","dateModified":"2025-12-24T13:25:03+00:00","description":"Entdecken Sie \u00e4sthetische und restaurative Zahnbehandlungen in unserer modernen Klinik f\u00fcr ein strahlendes L\u00e4cheln.","breadcrumb":{"@id":"https:\/\/oi.omerdental.com\/de\/behandlungen\/#breadcrumb"},"inLanguage":"de","potentialAction":[{"@type":"ReadAction","target":["https:\/\/oi.omerdental.com\/de\/behandlungen\/"]}]},{"@type":"BreadcrumbList","@id":"https:\/\/oi.omerdental.com\/de\/behandlungen\/#breadcrumb","itemListElement":[{"@type":"ListItem","position":1,"name":"Home","item":"https:\/\/oi.omerdental.com\/de\/"},{"@type":"ListItem","position":2,"name":"Behandlungen"}]},{"@type":"WebSite","@id":"https:\/\/oi.omerdental.com\/de\/#website","url":"https:\/\/oi.omerdental.com\/de\/","name":"Omer Istanbul","description":"","potentialAction":[{"@type":"SearchAction","target":{"@type":"EntryPoint","urlTemplate":"https:\/\/oi.omerdental.com\/de\/?s={search_term_string}"},"query-input":{"@type":"PropertyValueSpecification","valueRequired":true,"valueName":"search_term_string"}}],"inLanguage":"de"}]}},"_links":{"self":[{"href":"https:\/\/oi.omerdental.com\/de\/wp-json\/wp\/v2\/pages\/4301","targetHints":{"allow":["GET"]}}],"collection":[{"href":"https:\/\/oi.omerdental.com\/de\/wp-json\/wp\/v2\/pages"}],"about":[{"href":"https:\/\/oi.omerdental.com\/de\/wp-json\/wp\/v2\/types\/page"}],"author":[{"embeddable":true,"href":"https:\/\/oi.omerdental.com\/de\/wp-json\/wp\/v2\/users\/1"}],"replies":[{"embeddable":true,"href":"https:\/\/oi.omerdental.com\/de\/wp-json\/wp\/v2\/comments?post=4301"}],"version-history":[{"count":1,"href":"https:\/\/oi.omerdental.com\/de\/wp-json\/wp\/v2\/pages\/4301\/revisions"}],"predecessor-version":[{"id":4302,"href":"https:\/\/oi.omerdental.com\/de\/wp-json\/wp\/v2\/pages\/4301\/revisions\/4302"}],"wp:attachment":[{"href":"https:\/\/oi.omerdental.com\/de\/wp-json\/wp\/v2\/media?parent=4301"}],"curies":[{"name":"wp","href":"https:\/\/api.w.org\/{rel}","templated":true}]}}