{"id":4277,"date":"2025-11-13T09:00:26","date_gmt":"2025-11-13T09:00:26","guid":{"rendered":"https:\/\/oi.omerdental.com\/?page_id=4277"},"modified":"2025-12-24T13:22:57","modified_gmt":"2025-12-24T13:22:57","slug":"datenschutzrichtlinie","status":"publish","type":"page","link":"https:\/\/oi.omerdental.com\/de\/datenschutzrichtlinie\/","title":{"rendered":"Datenschutzrichtlinie"},"content":{"rendered":"<section class=\"l-section wpb_row us_custom_cd866175 has_text_color height_large\"><div class=\"l-section-overlay\" style=\"background:rgba(19,27,92,0.70)\"><\/div><div class=\"l-section-h i-cf\"><div class=\"g-cols vc_row via_grid cols_1 laptops-cols_inherit tablets-cols_inherit mobiles-cols_1 valign_top type_default stacking_default\"><div class=\"wpb_column vc_column_container\"><div class=\"vc_column-inner\">[vc_custom_heading text=&#8220;Datenschutzrichtlinie&#8220; font_container=&#8220;tag:h1|text_align:left&#8220; use_theme_fonts=&#8220;yes&#8220; el_class=&#8220;regular-h1 make-left&#8220;]<nav class=\"g-breadcrumbs us_custom_5f1f2269 has_text_color separator_icon align_none\" itemscope itemtype=\"http:\/\/schema.org\/BreadcrumbList\"><div class=\"g-breadcrumbs-item\" itemscope itemprop=\"itemListElement\" itemtype=\"http:\/\/schema.org\/ListItem\"><a itemprop=\"item\" href=\"https:\/\/oi.omerdental.com\/de\/\"><span itemprop=\"name\">Startseite<\/span><\/a><meta itemprop=\"position\" content=\"1\"\/><\/div><div class=\"g-breadcrumbs-separator\"><i class=\"far fa-angle-right\"><\/i><\/div><div class=\"g-breadcrumbs-item\">Seiten<\/div><\/nav><\/div><\/div><\/div><\/div><\/section><section class=\"l-section wpb_row height_medium\"><div class=\"l-section-h i-cf\"><div class=\"g-cols vc_row via_grid cols_1 laptops-cols_inherit tablets-cols_inherit mobiles-cols_1 valign_top type_default stacking_default\"><div class=\"wpb_column vc_column_container\"><div class=\"vc_column-inner\"><div class=\"wpb_text_column\"><div class=\"wpb_wrapper\"><p>Diese Datenschutzrichtlinie beschreibt die Richtlinien von YESILBAG SAGLIK HIZMETLERI LIMITED SIRKETI (Omer Istanbul Dental Center), Ak\u015femsettin mah, Adnan Menderes Blv. D:No 6-8, Kat:1-2-3, 34093 Fatih\/Istanbul, T\u00fcrkiye 34093,\u00a0 E-Mail:<span>\u00a0<\/span><a href=\"mailto:info@omeristanbul.com\">info@omeristanbul.com<\/a>, Telefon: +905528403434 zur Erhebung, Nutzung und Offenlegung Ihrer Informationen, die wir sammeln, wenn Sie unsere Website ( www.omeristanbul.com ) nutzen (der \u201e<strong>Dienst<\/strong>\u201c). Durch den Zugriff auf den Dienst oder seine Nutzung erkl\u00e4ren Sie sich mit der Erhebung, Nutzung und Offenlegung Ihrer Informationen gem\u00e4\u00df dieser Datenschutzrichtlinie einverstanden. Wenn Sie damit nicht einverstanden sind, nutzen Sie den Dienst bitte nicht.<\/p>\n<p>Wir k\u00f6nnen diese Datenschutzrichtlinie jederzeit ohne vorherige Ank\u00fcndigung \u00e4ndern und die \u00fcberarbeitete Datenschutzrichtlinie im Dienst ver\u00f6ffentlichen. Die \u00fcberarbeitete Richtlinie wird 180 Tage nach der Ver\u00f6ffentlichung im Dienst wirksam, und Ihre fortgesetzte Nutzung des Dienstes nach dieser Zeit wird Ihre Akzeptanz der \u00fcberarbeiteten Datenschutzrichtlinie darstellen. Wir empfehlen Ihnen daher, diese Seite regelm\u00e4\u00dfig zu \u00fcberpr\u00fcfen.<\/p>\n<h3>Informationen, die wir sammeln:<\/h3>\n<p>Wir werden folgende personenbezogene Daten \u00fcber Sie \u00fcber das Webformular sammeln und verarbeiten:<\/p>\n<ul>\n<li>Name<\/li>\n<li>E-Mail<\/li>\n<li>Mobiltelefon\/Telefon<\/li>\n<\/ul>\n<h3>Wie wir Ihre Informationen nutzen:<\/h3>\n<p>Wir werden die \u00fcber Sie gesammelten Informationen f\u00fcr folgende Zwecke nutzen:<\/p>\n<ul>\n<li>Unterst\u00fctzung<\/li>\n<li>Bereitstellung von Informationen<\/li>\n<\/ul>\n<p>Wenn wir Ihre Informationen f\u00fcr einen anderen Zweck nutzen m\u00f6chten, werden wir um Ihre Zustimmung bitten und Ihre Informationen nur nach Erhalt Ihrer Zustimmung und dann nur f\u00fcr den\/die Zweck(e) verwenden, f\u00fcr den\/die Sie Ihre Zustimmung erteilt haben, es sei denn, wir sind gesetzlich dazu verpflichtet, etwas anderes zu tun.<\/p>\n<h3>Wie wir Ihre Informationen teilen:<\/h3>\n<p>Wir werden Ihre personenbezogenen Daten ohne Ihre Zustimmung nicht an Dritte \u00fcbertragen, au\u00dfer in begrenzten F\u00e4llen, wie nachfolgend beschrieben:<\/p>\n<ul>\n<li>Werbung<\/li>\n<li>Analysen<\/li>\n<\/ul>\n<p>Wir fordern solche Drittanbieter auf, die von uns \u00fcbermittelten personenbezogenen Daten nur f\u00fcr den Zweck zu verwenden, f\u00fcr den sie \u00fcbermittelt wurden, und sie nicht l\u00e4nger zu speichern, als f\u00fcr die Erf\u00fcllung des genannten Zwecks erforderlich ist.<\/p>\n<p>Wir k\u00f6nnen Ihre personenbezogenen Daten auch f\u00fcr Folgendes offenlegen: (1) zur Einhaltung anwendbarer Gesetze, Vorschriften, Gerichtsbeschl\u00fcsse oder anderer rechtlicher Verfahren; (2) zur Durchsetzung Ihrer Vereinbarungen mit uns, einschlie\u00dflich dieser Datenschutzrichtlinie; oder (3) zur Beantwortung von Anspr\u00fcchen, dass Ihre Nutzung des Dienstes Rechte Dritter verletzt. Wenn der Dienst oder unser Unternehmen mit einem anderen Unternehmen fusioniert oder \u00fcbernommen wird, wird Ihre Information zu den Verm\u00f6genswerten geh\u00f6ren, die an den neuen Eigent\u00fcmer \u00fcbertragen werden.<\/p>\n<h3>Aufbewahrung Ihrer Informationen:<\/h3>\n<p>Wir werden Ihre personenbezogenen Daten f\u00fcr 90 Tage bis 2 Jahre nach der K\u00fcndigung Ihrer Konten oder so lange, wie wir sie ben\u00f6tigen, um die in dieser Datenschutzrichtlinie detaillierten Zwecke zu erf\u00fcllen, bei uns aufbewahren. Wir m\u00fcssen bestimmte Informationen m\u00f6glicherweise f\u00fcr l\u00e4ngere Zeitr\u00e4ume aufbewahren, z.B. zur Aufbewahrung\/ Berichterstattung gem\u00e4\u00df anwendbarem Recht oder aus anderen legitimen Gr\u00fcnden wie der Durchsetzung rechtlicher Rechte, der Betrugspr\u00e4vention usw. Restinformationen und aggregierte Informationen, die Sie nicht (direkt oder indirekt) identifizieren, k\u00f6nnen unbegrenzt gespeichert werden.<\/p>\n<h3>Ihre Rechte:<\/h3>\n<p>Je nach anwendbarem Recht haben Sie m\u00f6glicherweise das Recht, auf Ihre personenbezogenen Daten zuzugreifen und sie zu berichtigen oder zu l\u00f6schen oder eine Kopie Ihrer personenbezogenen Daten zu erhalten, die aktive Verarbeitung Ihrer Daten einzuschr\u00e4nken oder ihr zu widersprechen, uns zu bitten, Ihre personenbezogenen Daten an eine andere Stelle zu \u00fcbertragen (Portabilit\u00e4t), Ihre uns erteilte Einwilligung zur Verarbeitung Ihrer Daten zu widerrufen, ein Recht, sich bei einer Aufsichtsbeh\u00f6rde zu beschweren, und andere Rechte, die unter anwendbarem Recht relevant sein k\u00f6nnen. Um diese Rechte auszu\u00fcben, k\u00f6nnen Sie uns unter i<a href=\"mailto:nfo@omeristanbul.com\">nfo@omeristanbul.com<\/a><span>\u00a0<\/span>schreiben. Wir werden gem\u00e4\u00df anwendbarem Recht auf Ihr Anliegen reagieren.<\/p>\n<p>Bitte beachten Sie, dass wenn Sie uns nicht erlauben, die erforderlichen personenbezogenen Daten zu erheben oder zu verarbeiten, oder wenn Sie die Einwilligung zur Verarbeitung derselben f\u00fcr die erforderlichen Zwecke widerrufen, Sie m\u00f6glicherweise keinen Zugriff auf die Dienste haben oder sie nutzen k\u00f6nnen, f\u00fcr die Ihre Informationen angefordert wurden.<\/p>\n<h3>Cookies usw.<\/h3>\n<p>Um mehr dar\u00fcber zu erfahren, wie wir diese Technologien verwenden, und Ihre M\u00f6glichkeiten in Bezug auf diese Tracking-Technologien, lesen Sie bitte unsere<span>\u00a0<\/span><a href=\"https:\/\/www.omeristanbul.com\/de\/cookie-richtlinie\/\"><strong>Cookie-Richtlinie<\/strong><\/a>.<\/p>\n<h3>Sicherheit:<\/h3>\n<p>Die Sicherheit Ihrer Informationen ist uns wichtig, und wir werden angemessene Sicherheitsma\u00dfnahmen verwenden, um den Verlust, Missbrauch oder unbefugte \u00c4nderung Ihrer Informationen unter unserer Kontrolle zu verhindern. Angesichts der inh\u00e4renten Risiken k\u00f6nnen wir jedoch keine absolute Sicherheit garantieren, und daher k\u00f6nnen wir nicht gew\u00e4hrleisten oder garantieren, dass die Sicherheit der von Ihnen an uns \u00fcbermittelten Informationen, und Sie tun dies auf eigene Gefahr.<\/p>\n<h3>Beschwerde- \/ Datenschutzbeauftragter:<\/h3>\n<p>Wenn Sie Fragen oder Bedenken zur Verarbeitung Ihrer bei uns verf\u00fcgbaren Informationen haben, k\u00f6nnen Sie sich per E-Mail an unseren Beschwerdebeauftragten wenden: Omer Istanbul Dental Center, Ak\u015femsettin mah, Adnan Menderes Blv. D:No 6-8, Kat:1-2-3, 34093 Fatih\/Istanbul,T\u00fcrkiye, E-Mail:<span>\u00a0<\/span><a href=\"mailto:info@omeristanbul.com\">info@omeristanbul.com<\/a>. Wir werden Ihre Anliegen gem\u00e4\u00df anwendbarem Recht behandeln.<\/p>\n<\/div><\/div><div class=\"w-separator size_medium\"><\/div><div class=\"wpb_text_column\"><div class=\"wpb_wrapper\"><p><span>Zuletzt aktualisiert am 05-Feb-2024<\/span><br \/>\n<span>In Kraft seit 05-Feb-2024<\/span><\/p>\n<\/div><\/div><\/div><\/div><\/div><\/div><\/section><section class=\"l-section wpb_row height_small\"><div class=\"l-section-h i-cf\"><div class=\"g-cols vc_row via_grid cols_1 laptops-cols_inherit tablets-cols_inherit mobiles-cols_1 valign_top type_default stacking_default\"><div class=\"wpb_column vc_column_container\"><div class=\"vc_column-inner\"><div class=\"w-separator size_huge\"><\/div><\/div><\/div><\/div><\/div><\/section>\n","protected":false},"excerpt":{"rendered":"[vc_custom_heading text=\"Datenschutzrichtlinie\" font_container=\"tag:h1|text_align:left\" use_theme_fonts=\"yes\" el_class=\"regular-h1 make-left\"]StartseiteSeitenDiese Datenschutzrichtlinie beschreibt die Richtlinien von YESILBAG SAGLIK HIZMETLERI LIMITED SIRKETI (Omer Istanbul Dental Center), Ak\u015femsettin mah, Adnan Menderes Blv. D:No 6-8, Kat:1-2-3, 34093 Fatih\/Istanbul, T\u00fcrkiye 34093,\u00a0 E-Mail:\u00a0info@omeristanbul.com, Telefon: +905528403434 zur Erhebung, Nutzung und Offenlegung Ihrer Informationen, die wir sammeln, wenn Sie unsere Website ( www.omeristanbul.com ) nutzen (der \u201eDienst\u201c)....","protected":false},"author":1,"featured_media":0,"parent":0,"menu_order":0,"comment_status":"closed","ping_status":"closed","template":"","meta":{"footnotes":""},"class_list":["post-4277","page","type-page","status-publish","hentry"],"yoast_head":"<!-- This site is optimized with the Yoast SEO plugin v26.6 - https:\/\/yoast.com\/wordpress\/plugins\/seo\/ -->\n<title>Datenschutzrichtlinie - Omer Istanbul Dental Center<\/title>\n<meta name=\"robots\" content=\"noindex, follow, max-snippet:-1, max-image-preview:large, max-video-preview:-1\" \/>\n<meta property=\"og:locale\" content=\"de_DE\" \/>\n<meta property=\"og:type\" content=\"article\" \/>\n<meta property=\"og:title\" content=\"Datenschutzrichtlinie - Omer Istanbul Dental Center\" \/>\n<meta property=\"og:url\" content=\"https:\/\/oi.omerdental.com\/de\/datenschutzrichtlinie\/\" \/>\n<meta property=\"og:site_name\" content=\"Omer Istanbul\" \/>\n<meta property=\"article:modified_time\" content=\"2025-12-24T13:22:57+00:00\" \/>\n<meta name=\"twitter:card\" content=\"summary_large_image\" \/>\n<meta name=\"twitter:label1\" content=\"Gesch\u00e4tzte Lesezeit\" \/>\n\t<meta name=\"twitter:data1\" content=\"4\u00a0Minuten\" \/>\n<script type=\"application\/ld+json\" class=\"yoast-schema-graph\">{\"@context\":\"https:\/\/schema.org\",\"@graph\":[{\"@type\":\"WebPage\",\"@id\":\"https:\/\/oi.omerdental.com\/de\/datenschutzrichtlinie\/\",\"url\":\"https:\/\/oi.omerdental.com\/de\/datenschutzrichtlinie\/\",\"name\":\"Datenschutzrichtlinie - Omer Istanbul Dental Center\",\"isPartOf\":{\"@id\":\"https:\/\/oi.omerdental.com\/de\/#website\"},\"datePublished\":\"2025-11-13T09:00:26+00:00\",\"dateModified\":\"2025-12-24T13:22:57+00:00\",\"breadcrumb\":{\"@id\":\"https:\/\/oi.omerdental.com\/de\/datenschutzrichtlinie\/#breadcrumb\"},\"inLanguage\":\"de\",\"potentialAction\":[{\"@type\":\"ReadAction\",\"target\":[\"https:\/\/oi.omerdental.com\/de\/datenschutzrichtlinie\/\"]}]},{\"@type\":\"BreadcrumbList\",\"@id\":\"https:\/\/oi.omerdental.com\/de\/datenschutzrichtlinie\/#breadcrumb\",\"itemListElement\":[{\"@type\":\"ListItem\",\"position\":1,\"name\":\"Home\",\"item\":\"https:\/\/oi.omerdental.com\/de\/\"},{\"@type\":\"ListItem\",\"position\":2,\"name\":\"Datenschutzrichtlinie\"}]},{\"@type\":\"WebSite\",\"@id\":\"https:\/\/oi.omerdental.com\/de\/#website\",\"url\":\"https:\/\/oi.omerdental.com\/de\/\",\"name\":\"Omer Istanbul\",\"description\":\"\",\"potentialAction\":[{\"@type\":\"SearchAction\",\"target\":{\"@type\":\"EntryPoint\",\"urlTemplate\":\"https:\/\/oi.omerdental.com\/de\/?s={search_term_string}\"},\"query-input\":{\"@type\":\"PropertyValueSpecification\",\"valueRequired\":true,\"valueName\":\"search_term_string\"}}],\"inLanguage\":\"de\"}]}<\/script>\n<!-- \/ Yoast SEO plugin. -->","yoast_head_json":{"title":"Datenschutzrichtlinie - Omer Istanbul Dental Center","robots":{"index":"noindex","follow":"follow","max-snippet":"max-snippet:-1","max-image-preview":"max-image-preview:large","max-video-preview":"max-video-preview:-1"},"og_locale":"de_DE","og_type":"article","og_title":"Datenschutzrichtlinie - Omer Istanbul Dental Center","og_url":"https:\/\/oi.omerdental.com\/de\/datenschutzrichtlinie\/","og_site_name":"Omer Istanbul","article_modified_time":"2025-12-24T13:22:57+00:00","twitter_card":"summary_large_image","twitter_misc":{"Gesch\u00e4tzte Lesezeit":"4\u00a0Minuten"},"schema":{"@context":"https:\/\/schema.org","@graph":[{"@type":"WebPage","@id":"https:\/\/oi.omerdental.com\/de\/datenschutzrichtlinie\/","url":"https:\/\/oi.omerdental.com\/de\/datenschutzrichtlinie\/","name":"Datenschutzrichtlinie - Omer Istanbul Dental Center","isPartOf":{"@id":"https:\/\/oi.omerdental.com\/de\/#website"},"datePublished":"2025-11-13T09:00:26+00:00","dateModified":"2025-12-24T13:22:57+00:00","breadcrumb":{"@id":"https:\/\/oi.omerdental.com\/de\/datenschutzrichtlinie\/#breadcrumb"},"inLanguage":"de","potentialAction":[{"@type":"ReadAction","target":["https:\/\/oi.omerdental.com\/de\/datenschutzrichtlinie\/"]}]},{"@type":"BreadcrumbList","@id":"https:\/\/oi.omerdental.com\/de\/datenschutzrichtlinie\/#breadcrumb","itemListElement":[{"@type":"ListItem","position":1,"name":"Home","item":"https:\/\/oi.omerdental.com\/de\/"},{"@type":"ListItem","position":2,"name":"Datenschutzrichtlinie"}]},{"@type":"WebSite","@id":"https:\/\/oi.omerdental.com\/de\/#website","url":"https:\/\/oi.omerdental.com\/de\/","name":"Omer Istanbul","description":"","potentialAction":[{"@type":"SearchAction","target":{"@type":"EntryPoint","urlTemplate":"https:\/\/oi.omerdental.com\/de\/?s={search_term_string}"},"query-input":{"@type":"PropertyValueSpecification","valueRequired":true,"valueName":"search_term_string"}}],"inLanguage":"de"}]}},"_links":{"self":[{"href":"https:\/\/oi.omerdental.com\/de\/wp-json\/wp\/v2\/pages\/4277","targetHints":{"allow":["GET"]}}],"collection":[{"href":"https:\/\/oi.omerdental.com\/de\/wp-json\/wp\/v2\/pages"}],"about":[{"href":"https:\/\/oi.omerdental.com\/de\/wp-json\/wp\/v2\/types\/page"}],"author":[{"embeddable":true,"href":"https:\/\/oi.omerdental.com\/de\/wp-json\/wp\/v2\/users\/1"}],"replies":[{"embeddable":true,"href":"https:\/\/oi.omerdental.com\/de\/wp-json\/wp\/v2\/comments?post=4277"}],"version-history":[{"count":1,"href":"https:\/\/oi.omerdental.com\/de\/wp-json\/wp\/v2\/pages\/4277\/revisions"}],"predecessor-version":[{"id":4280,"href":"https:\/\/oi.omerdental.com\/de\/wp-json\/wp\/v2\/pages\/4277\/revisions\/4280"}],"wp:attachment":[{"href":"https:\/\/oi.omerdental.com\/de\/wp-json\/wp\/v2\/media?parent=4277"}],"curies":[{"name":"wp","href":"https:\/\/api.w.org\/{rel}","templated":true}]}}