{"id":4181,"date":"2025-11-24T14:17:21","date_gmt":"2025-11-24T14:17:21","guid":{"rendered":"https:\/\/oi.omerdental.com\/?page_id=4181"},"modified":"2025-12-24T10:51:40","modified_gmt":"2025-12-24T10:51:40","slug":"kontakt","status":"publish","type":"page","link":"https:\/\/oi.omerdental.com\/de\/kontakt\/","title":{"rendered":"Kontakt"},"content":{"rendered":"<section class=\"l-section wpb_row height_auto width_full\"><div class=\"l-section-h i-cf\"><div class=\"g-cols vc_row via_grid cols_1 laptops-cols_inherit tablets-cols_inherit mobiles-cols_1 valign_top type_default stacking_default\"><div class=\"wpb_column vc_column_container\"><div class=\"vc_column-inner\"><div class=\"wpb_text_column\"><div class=\"wpb_wrapper\"><p><iframe loading=\"lazy\" style=\"border: 0;\" src=\"https:\/\/www.google.com\/maps\/embed?pb=!1m14!1m8!1m3!1d12041.941190454538!2d28.9442635!3d41.0146375!3m2!1i1024!2i768!4f13.1!3m3!1m2!1s0x14cabad25792fb25%3A0xba50e1c97d7921c!2s%C3%96mer%20%C4%B0stanbul%20Di%C5%9F%20Poliklini%C4%9Fi%20%7C%20Implant%20%7C%20Veneer%20%7C%20Dental%20Turkey%20(DENTOMER)!5e0!3m2!1str!2str!4v1684155079081!5m2!1str!2str\" width=\"100%\" height=\"350\" allowfullscreen=\"allowfullscreen\"><span data-mce-type=\"bookmark\" style=\"display: inline-block; width: 0px; overflow: hidden; line-height: 0;\" class=\"mce_SELRES_start\">\ufeff<\/span><span data-mce-type=\"bookmark\" style=\"display: inline-block; width: 0px; overflow: hidden; line-height: 0;\" class=\"mce_SELRES_start\">\ufeff<\/span><span data-mce-type=\"bookmark\" style=\"display: inline-block; width: 0px; overflow: hidden; line-height: 0;\" class=\"mce_SELRES_start\">\ufeff<\/span><\/iframe><\/p>\n<\/div><\/div><\/div><\/div><\/div><\/div><\/section><section class=\"l-section wpb_row us_custom_872ef739 height_small\"><div class=\"l-section-h i-cf\"><div class=\"g-cols vc_row via_grid cols_1 laptops-cols_inherit tablets-cols_inherit mobiles-cols_1 valign_top type_default stacking_default\"><div class=\"wpb_column vc_column_container\"><div class=\"vc_column-inner\"><div class=\"w-separator size_small\"><\/div>[vc_custom_heading text=&#8220;Wie k\u00f6nnen wir Ihnen helfen?&#8220; font_container=&#8220;tag:h2|text_align:center&#8220; use_theme_fonts=&#8220;yes&#8220;]<div class=\"wpb_text_column us_custom_eb849559\"><div class=\"wpb_wrapper\"><p><span>Wenn Sie Fragen oder Anliegen haben, f\u00fcllen Sie bitte das allgemeine Kontaktformular aus. Wir werden Ihnen so schnell wie m\u00f6glich antworten. Sie k\u00f6nnen uns aber auch \u00fcber unsere anderen Kontaktm\u00f6glichkeiten erreichen.<\/span><\/p>\n<\/div><\/div><div class=\"w-separator size_medium\"><\/div><div class=\"g-cols wpb_row us_custom_8d4cffc7 via_grid cols_2 laptops-cols_inherit tablets-cols_inherit mobiles-cols_1 valign_top type_default reversed stacking_default\" style=\"--columns-gap:3rem;\"><div class=\"wpb_column vc_column_container\"><div class=\"vc_column-inner\">[vc_custom_heading text=&#8220;Kontakt Informationen&#8220; font_container=&#8220;tag:h3|text_align:left&#8220; use_theme_fonts=&#8220;yes&#8220; el_class=&#8220;service-h3&#8243;]<div class=\"w-contacts\"><div class=\"w-contacts-list\"><div class=\"w-contacts-item for_address\"><span class=\"w-contacts-item-value\">Aksemsettin mah, Adnan Menderes Blv. D:No 6-8, D:Kat:1-2-3, 34093 Fatih\/Istanbul\/Turkey<\/span><\/div><div class=\"w-contacts-item for_phone\"><span class=\"w-contacts-item-value\">0123456789<\/span><\/div><div class=\"w-contacts-item for_email\"><span class=\"w-contacts-item-value\"><a href=\"mailto:info@omeristanbul.com\">info@omeristanbul.com<\/a><\/span><\/div><\/div><\/div><div class=\"w-separator size_medium\"><\/div>[vc_custom_heading text=&#8220;FOLGEN SIE UNS&#8220; font_container=&#8220;tag:h3|text_align:left&#8220; use_theme_fonts=&#8220;yes&#8220; el_class=&#8220;service-h3&#8243;]<div class=\"w-socials us_custom_35165822 has_text_color color_text shape_circle style_outlined hover_fade\" style=\"--gap:5px;\"><div class=\"w-socials-list\"><div class=\"w-socials-item facebook\"><a target=\"_blank\" rel=\"nofollow\" href=\"https:\/\/www.facebook.com\/omeristanbultr\" class=\"w-socials-item-link\" aria-label=\"Facebook\"><span class=\"w-socials-item-link-hover\"><\/span><i class=\"fab fa-facebook\"><\/i><\/a><div class=\"w-socials-item-popup\"><span>Facebook<\/span><\/div><\/div><div class=\"w-socials-item instagram\"><a target=\"_blank\" rel=\"nofollow\" href=\"https:\/\/www.instagram.com\/omeristanbultr\/\" class=\"w-socials-item-link\" aria-label=\"Instagram\"><span class=\"w-socials-item-link-hover\"><\/span><i class=\"fab fa-instagram\"><\/i><\/a><div class=\"w-socials-item-popup\"><span>Instagram<\/span><\/div><\/div><div class=\"w-socials-item youtube\"><a target=\"_blank\" rel=\"nofollow\" href=\"https:\/\/www.youtube.com\/c\/omeristanbultr\" class=\"w-socials-item-link\" aria-label=\"YouTube\"><span class=\"w-socials-item-link-hover\"><\/span><i class=\"fab fa-youtube\"><\/i><\/a><div class=\"w-socials-item-popup\"><span>YouTube<\/span><\/div><\/div><div class=\"w-socials-item linkedin\"><a target=\"_blank\" rel=\"nofollow\" href=\"https:\/\/www.linkedin.com\/company\/omeristanbultr\/\" class=\"w-socials-item-link\" aria-label=\"LinkedIn\"><span class=\"w-socials-item-link-hover\"><\/span><i class=\"fab fa-linkedin\"><\/i><\/a><div class=\"w-socials-item-popup\"><span>LinkedIn<\/span><\/div><\/div><div class=\"w-socials-item pinterest\"><a target=\"_blank\" rel=\"nofollow\" href=\"https:\/\/pinterest.com\/omeristanbulturkey\/\" class=\"w-socials-item-link\" aria-label=\"Pinterest\"><span class=\"w-socials-item-link-hover\"><\/span><i class=\"fab fa-pinterest\"><\/i><\/a><div class=\"w-socials-item-popup\"><span>Pinterest<\/span><\/div><\/div><\/div><\/div><\/div><\/div><div class=\"wpb_column vc_column_container\"><div class=\"vc_column-inner\">[vc_custom_heading text=&#8220;Allgemeines Kontaktformular&#8220; font_container=&#8220;tag:h3|text_align:left&#8220; use_theme_fonts=&#8220;yes&#8220; el_class=&#8220;service-h3&#8243;]\n<div class=\"wpcf7 no-js\" id=\"wpcf7-f4040-o1\" lang=\"de-DE\" dir=\"ltr\" data-wpcf7-id=\"4040\">\n<div class=\"screen-reader-response\"><p role=\"status\" aria-live=\"polite\" aria-atomic=\"true\"><\/p> <ul><\/ul><\/div>\n<form action=\"\/de\/wp-json\/wp\/v2\/pages\/4181#wpcf7-f4040-o1\" method=\"post\" class=\"wpcf7-form init\" aria-label=\"Kontaktformular\" novalidate=\"novalidate\" data-status=\"init\">\n<fieldset class=\"hidden-fields-container\"><input type=\"hidden\" name=\"_wpcf7\" value=\"4040\" \/><input type=\"hidden\" name=\"_wpcf7_version\" value=\"6.1.4\" \/><input type=\"hidden\" name=\"_wpcf7_locale\" value=\"de_DE\" \/><input type=\"hidden\" name=\"_wpcf7_unit_tag\" value=\"wpcf7-f4040-o1\" \/><input type=\"hidden\" name=\"_wpcf7_container_post\" value=\"0\" \/><input type=\"hidden\" name=\"_wpcf7_posted_data_hash\" value=\"\" \/>\n<\/fieldset>\n<p><label> <span class=\"wpcf7-form-control-wrap\" data-name=\"your-name\"><input size=\"40\" maxlength=\"400\" class=\"wpcf7-form-control wpcf7-text wpcf7-validates-as-required\" autocomplete=\"name\" aria-required=\"true\" aria-invalid=\"false\" placeholder=\"Name*\" value=\"\" type=\"text\" name=\"your-name\" \/><\/span> <\/label><label><span class=\"wpcf7-form-control-wrap\" data-name=\"your-email\"><input size=\"40\" maxlength=\"400\" class=\"wpcf7-form-control wpcf7-email wpcf7-validates-as-required wpcf7-text wpcf7-validates-as-email\" autocomplete=\"email\" aria-required=\"true\" aria-invalid=\"false\" placeholder=\"E-mail*\" value=\"\" type=\"email\" name=\"your-email\" \/><\/span> <\/label><label><span class=\"wpcf7-form-control-wrap\" data-name=\"intl_tel-323\"><input size=\"40\" class=\"wpcf7-form-control wpcf7-phonetext wpcf7-validates-as-required wpcf7-text wpcf7-validates-as-phonetext\" aria-required=\"true\" aria-invalid=\"false\" value=\"+49\" type=\"text\" name=\"intl_tel-323\" \/><input type=\"hidden\" name=\"intl_tel-323-country-code\" class=\"wpcf7-phonetext-country-code\" \/><\/span><\/label><label><span class=\"wpcf7-form-control-wrap\" data-name=\"your-message\"><textarea cols=\"40\" rows=\"10\" maxlength=\"2000\" class=\"wpcf7-form-control wpcf7-textarea wpcf7-validates-as-required\" aria-required=\"true\" aria-invalid=\"false\" placeholder=\"Ihre Nachrich*\" name=\"your-message\"><\/textarea><\/span> <\/label><br \/>\n<input class=\"wpcf7-form-control wpcf7-submit has-spinner\" type=\"submit\" value=\"SENDEN\" \/>\n<\/p><div class=\"wpcf7-response-output\" aria-hidden=\"true\"><\/div>\n<\/form>\n<\/div>\n<\/div><\/div><\/div><\/div><\/div><\/div><\/div><\/section>\n","protected":false},"excerpt":{"rendered":"\ufeff\ufeff\ufeff [vc_custom_heading text=\"Wie k\u00f6nnen wir Ihnen helfen?\" font_container=\"tag:h2|text_align:center\" use_theme_fonts=\"yes\"]Wenn Sie Fragen oder Anliegen haben, f\u00fcllen Sie bitte das allgemeine Kontaktformular aus. Wir werden Ihnen so schnell wie m\u00f6glich antworten. Sie k\u00f6nnen uns aber auch \u00fcber unsere anderen Kontaktm\u00f6glichkeiten erreichen. [vc_custom_heading text=\"Kontakt Informationen\" font_container=\"tag:h3|text_align:left\" use_theme_fonts=\"yes\" el_class=\"service-h3\"]Aksemsettin mah, Adnan Menderes Blv. D:No 6-8, D:Kat:1-2-3, 34093 Fatih\/Istanbul\/Turkey0123456789info@omeristanbul.com[vc_custom_heading text=\"FOLGEN...","protected":false},"author":1,"featured_media":4182,"parent":0,"menu_order":0,"comment_status":"closed","ping_status":"closed","template":"","meta":{"footnotes":""},"class_list":["post-4181","page","type-page","status-publish","has-post-thumbnail","hentry"],"yoast_head":"<!-- This site is optimized with the Yoast SEO plugin v26.6 - https:\/\/yoast.com\/wordpress\/plugins\/seo\/ -->\n<title>Kontakt: Kostenlose Beratung - Omer Istanbul Dentalzentrum<\/title>\n<meta name=\"description\" content=\"Kontaktinformationen f\u00fcr Omer Istanbul Dentalzentrum. Vereinbaren Sie einen Termin. Wir sind f\u00fcr Ihre zahnmedizinischen Anliegen da.\" \/>\n<meta name=\"robots\" content=\"noindex, follow, max-snippet:-1, max-image-preview:large, max-video-preview:-1\" \/>\n<meta property=\"og:locale\" content=\"de_DE\" \/>\n<meta property=\"og:type\" content=\"article\" \/>\n<meta property=\"og:title\" content=\"Kontakt: Kostenlose Beratung - Omer Istanbul Dentalzentrum\" \/>\n<meta property=\"og:description\" content=\"Kontaktinformationen f\u00fcr Omer Istanbul Dentalzentrum. Vereinbaren Sie einen Termin. Wir sind f\u00fcr Ihre zahnmedizinischen Anliegen da.\" \/>\n<meta property=\"og:url\" content=\"https:\/\/oi.omerdental.com\/de\/kontakt\/\" \/>\n<meta property=\"og:site_name\" content=\"Omer Istanbul\" \/>\n<meta property=\"article:modified_time\" content=\"2025-12-24T10:51:40+00:00\" \/>\n<meta property=\"og:image\" content=\"https:\/\/oi.omerdental.com\/wp-content\/uploads\/2025\/11\/omer-istanbul-center.webp\" \/>\n\t<meta property=\"og:image:width\" content=\"500\" \/>\n\t<meta property=\"og:image:height\" content=\"500\" \/>\n\t<meta property=\"og:image:type\" content=\"image\/webp\" \/>\n<meta name=\"twitter:card\" content=\"summary_large_image\" \/>\n<meta name=\"twitter:label1\" content=\"Gesch\u00e4tzte Lesezeit\" \/>\n\t<meta name=\"twitter:data1\" content=\"1\u00a0Minute\" \/>\n<script type=\"application\/ld+json\" class=\"yoast-schema-graph\">{\"@context\":\"https:\/\/schema.org\",\"@graph\":[{\"@type\":\"WebPage\",\"@id\":\"https:\/\/oi.omerdental.com\/de\/kontakt\/\",\"url\":\"https:\/\/oi.omerdental.com\/de\/kontakt\/\",\"name\":\"Kontakt: Kostenlose Beratung - Omer Istanbul Dentalzentrum\",\"isPartOf\":{\"@id\":\"https:\/\/oi.omerdental.com\/de\/#website\"},\"primaryImageOfPage\":{\"@id\":\"https:\/\/oi.omerdental.com\/de\/kontakt\/#primaryimage\"},\"image\":{\"@id\":\"https:\/\/oi.omerdental.com\/de\/kontakt\/#primaryimage\"},\"thumbnailUrl\":\"https:\/\/oi.omerdental.com\/wp-content\/uploads\/2025\/11\/omer-istanbul-center.webp\",\"datePublished\":\"2025-11-24T14:17:21+00:00\",\"dateModified\":\"2025-12-24T10:51:40+00:00\",\"description\":\"Kontaktinformationen f\u00fcr Omer Istanbul Dentalzentrum. Vereinbaren Sie einen Termin. Wir sind f\u00fcr Ihre zahnmedizinischen Anliegen da.\",\"breadcrumb\":{\"@id\":\"https:\/\/oi.omerdental.com\/de\/kontakt\/#breadcrumb\"},\"inLanguage\":\"de\",\"potentialAction\":[{\"@type\":\"ReadAction\",\"target\":[\"https:\/\/oi.omerdental.com\/de\/kontakt\/\"]}]},{\"@type\":\"ImageObject\",\"inLanguage\":\"de\",\"@id\":\"https:\/\/oi.omerdental.com\/de\/kontakt\/#primaryimage\",\"url\":\"https:\/\/oi.omerdental.com\/wp-content\/uploads\/2025\/11\/omer-istanbul-center.webp\",\"contentUrl\":\"https:\/\/oi.omerdental.com\/wp-content\/uploads\/2025\/11\/omer-istanbul-center.webp\",\"width\":500,\"height\":500},{\"@type\":\"BreadcrumbList\",\"@id\":\"https:\/\/oi.omerdental.com\/de\/kontakt\/#breadcrumb\",\"itemListElement\":[{\"@type\":\"ListItem\",\"position\":1,\"name\":\"Home\",\"item\":\"https:\/\/oi.omerdental.com\/de\/\"},{\"@type\":\"ListItem\",\"position\":2,\"name\":\"Kontakt\"}]},{\"@type\":\"WebSite\",\"@id\":\"https:\/\/oi.omerdental.com\/de\/#website\",\"url\":\"https:\/\/oi.omerdental.com\/de\/\",\"name\":\"Omer Istanbul\",\"description\":\"\",\"potentialAction\":[{\"@type\":\"SearchAction\",\"target\":{\"@type\":\"EntryPoint\",\"urlTemplate\":\"https:\/\/oi.omerdental.com\/de\/?s={search_term_string}\"},\"query-input\":{\"@type\":\"PropertyValueSpecification\",\"valueRequired\":true,\"valueName\":\"search_term_string\"}}],\"inLanguage\":\"de\"}]}<\/script>\n<!-- \/ Yoast SEO plugin. -->","yoast_head_json":{"title":"Kontakt: Kostenlose Beratung - Omer Istanbul Dentalzentrum","description":"Kontaktinformationen f\u00fcr Omer Istanbul Dentalzentrum. Vereinbaren Sie einen Termin. Wir sind f\u00fcr Ihre zahnmedizinischen Anliegen da.","robots":{"index":"noindex","follow":"follow","max-snippet":"max-snippet:-1","max-image-preview":"max-image-preview:large","max-video-preview":"max-video-preview:-1"},"og_locale":"de_DE","og_type":"article","og_title":"Kontakt: Kostenlose Beratung - Omer Istanbul Dentalzentrum","og_description":"Kontaktinformationen f\u00fcr Omer Istanbul Dentalzentrum. Vereinbaren Sie einen Termin. Wir sind f\u00fcr Ihre zahnmedizinischen Anliegen da.","og_url":"https:\/\/oi.omerdental.com\/de\/kontakt\/","og_site_name":"Omer Istanbul","article_modified_time":"2025-12-24T10:51:40+00:00","og_image":[{"width":500,"height":500,"url":"https:\/\/oi.omerdental.com\/wp-content\/uploads\/2025\/11\/omer-istanbul-center.webp","type":"image\/webp"}],"twitter_card":"summary_large_image","twitter_misc":{"Gesch\u00e4tzte Lesezeit":"1\u00a0Minute"},"schema":{"@context":"https:\/\/schema.org","@graph":[{"@type":"WebPage","@id":"https:\/\/oi.omerdental.com\/de\/kontakt\/","url":"https:\/\/oi.omerdental.com\/de\/kontakt\/","name":"Kontakt: Kostenlose Beratung - Omer Istanbul Dentalzentrum","isPartOf":{"@id":"https:\/\/oi.omerdental.com\/de\/#website"},"primaryImageOfPage":{"@id":"https:\/\/oi.omerdental.com\/de\/kontakt\/#primaryimage"},"image":{"@id":"https:\/\/oi.omerdental.com\/de\/kontakt\/#primaryimage"},"thumbnailUrl":"https:\/\/oi.omerdental.com\/wp-content\/uploads\/2025\/11\/omer-istanbul-center.webp","datePublished":"2025-11-24T14:17:21+00:00","dateModified":"2025-12-24T10:51:40+00:00","description":"Kontaktinformationen f\u00fcr Omer Istanbul Dentalzentrum. Vereinbaren Sie einen Termin. Wir sind f\u00fcr Ihre zahnmedizinischen Anliegen da.","breadcrumb":{"@id":"https:\/\/oi.omerdental.com\/de\/kontakt\/#breadcrumb"},"inLanguage":"de","potentialAction":[{"@type":"ReadAction","target":["https:\/\/oi.omerdental.com\/de\/kontakt\/"]}]},{"@type":"ImageObject","inLanguage":"de","@id":"https:\/\/oi.omerdental.com\/de\/kontakt\/#primaryimage","url":"https:\/\/oi.omerdental.com\/wp-content\/uploads\/2025\/11\/omer-istanbul-center.webp","contentUrl":"https:\/\/oi.omerdental.com\/wp-content\/uploads\/2025\/11\/omer-istanbul-center.webp","width":500,"height":500},{"@type":"BreadcrumbList","@id":"https:\/\/oi.omerdental.com\/de\/kontakt\/#breadcrumb","itemListElement":[{"@type":"ListItem","position":1,"name":"Home","item":"https:\/\/oi.omerdental.com\/de\/"},{"@type":"ListItem","position":2,"name":"Kontakt"}]},{"@type":"WebSite","@id":"https:\/\/oi.omerdental.com\/de\/#website","url":"https:\/\/oi.omerdental.com\/de\/","name":"Omer Istanbul","description":"","potentialAction":[{"@type":"SearchAction","target":{"@type":"EntryPoint","urlTemplate":"https:\/\/oi.omerdental.com\/de\/?s={search_term_string}"},"query-input":{"@type":"PropertyValueSpecification","valueRequired":true,"valueName":"search_term_string"}}],"inLanguage":"de"}]}},"_links":{"self":[{"href":"https:\/\/oi.omerdental.com\/de\/wp-json\/wp\/v2\/pages\/4181","targetHints":{"allow":["GET"]}}],"collection":[{"href":"https:\/\/oi.omerdental.com\/de\/wp-json\/wp\/v2\/pages"}],"about":[{"href":"https:\/\/oi.omerdental.com\/de\/wp-json\/wp\/v2\/types\/page"}],"author":[{"embeddable":true,"href":"https:\/\/oi.omerdental.com\/de\/wp-json\/wp\/v2\/users\/1"}],"replies":[{"embeddable":true,"href":"https:\/\/oi.omerdental.com\/de\/wp-json\/wp\/v2\/comments?post=4181"}],"version-history":[{"count":1,"href":"https:\/\/oi.omerdental.com\/de\/wp-json\/wp\/v2\/pages\/4181\/revisions"}],"predecessor-version":[{"id":4183,"href":"https:\/\/oi.omerdental.com\/de\/wp-json\/wp\/v2\/pages\/4181\/revisions\/4183"}],"wp:featuredmedia":[{"embeddable":true,"href":"https:\/\/oi.omerdental.com\/de\/wp-json\/wp\/v2\/media\/4182"}],"wp:attachment":[{"href":"https:\/\/oi.omerdental.com\/de\/wp-json\/wp\/v2\/media?parent=4181"}],"curies":[{"name":"wp","href":"https:\/\/api.w.org\/{rel}","templated":true}]}}